{"id":10337,"date":"2024-01-17T13:47:52","date_gmt":"2024-01-17T13:47:52","guid":{"rendered":"https:\/\/novo2023.camtra.org.br\/?page_id=10337"},"modified":"2024-09-27T23:28:05","modified_gmt":"2024-09-27T23:28:05","slug":"acervo-memoria-lutas-e-resistencias","status":"publish","type":"page","link":"https:\/\/camtra.org.br\/index.php\/acervo-memoria-lutas-e-resistencias\/","title":{"rendered":"Acervo, mem\u00f3ria, e resist\u00eancia"},"content":{"rendered":"<div id=\"fb-root\"><\/div>\n\t\t<div data-elementor-type=\"wp-page\" data-elementor-id=\"10337\" class=\"elementor elementor-10337\">\n\t\t\t\t<div class=\"elementor-element elementor-element-84bfed7 e-con-full e-flex e-con e-parent\" data-id=\"84bfed7\" data-element_type=\"container\" data-e-type=\"container\">\n\t\t\t\t<div class=\"elementor-element elementor-element-5e4d300 exad-sticky-section-no exad-glass-effect-no elementor-widget elementor-widget-heading\" data-id=\"5e4d300\" data-element_type=\"widget\" data-e-type=\"widget\" data-widget_type=\"heading.default\">\n\t\t\t\t<div class=\"elementor-widget-container\">\n\t\t\t\t\t<h1 class=\"elementor-heading-title elementor-size-default\">Acervo, mem\u00f3ria e resist\u00eancia<\/h1>\t\t\t\t<\/div>\n\t\t\t\t<\/div>\n\t\t\t\t<\/div>\n\t\t\t\t<section class=\"elementor-section elementor-top-section elementor-element elementor-element-381faaa2 elementor-section-boxed elementor-section-height-default elementor-section-height-default exad-glass-effect-no exad-sticky-section-no\" data-id=\"381faaa2\" data-element_type=\"section\" data-e-type=\"section\" id=\"objective\" data-settings=\"{&quot;background_background&quot;:&quot;slideshow&quot;,&quot;background_slideshow_gallery&quot;:[],&quot;background_slideshow_loop&quot;:&quot;yes&quot;,&quot;background_slideshow_slide_duration&quot;:5000,&quot;background_slideshow_slide_transition&quot;:&quot;fade&quot;,&quot;background_slideshow_transition_duration&quot;:500}\">\n\t\t\t\t\t\t<div class=\"elementor-container elementor-column-gap-no\">\n\t\t\t\t\t<div class=\"elementor-column elementor-col-100 elementor-top-column elementor-element elementor-element-21d69b25 exad-glass-effect-no exad-sticky-section-no\" data-id=\"21d69b25\" data-element_type=\"column\" data-e-type=\"column\">\n\t\t\t<div class=\"elementor-widget-wrap elementor-element-populated\">\n\t\t\t\t\t\t<div class=\"elementor-element elementor-element-76d2ef12 exad-sticky-section-no exad-glass-effect-no elementor-widget elementor-widget-text-editor\" data-id=\"76d2ef12\" data-element_type=\"widget\" data-e-type=\"widget\" data-widget_type=\"text-editor.default\">\n\t\t\t\t<div class=\"elementor-widget-container\">\n\t\t\t\t\t\t\t\t\t<p><span style=\"font-weight: 400;\">Fundada em 1997, a CAMTRA \u00e9 uma organiza\u00e7\u00e3o feminista, que tem como miss\u00e3o ir ao encontro de outras mulheres com a perspectiva de colaborar para a promo\u00e7\u00e3o de seus direitos e para o fortalecimento de sua autonomia, tendo em vista a constru\u00e7\u00e3o de uma sociedade justa e igualit\u00e1ria.<\/span><\/p>\t\t\t\t\t\t\t\t<\/div>\n\t\t\t\t<\/div>\n\t\t\t\t<section class=\"elementor-section elementor-inner-section elementor-element elementor-element-2caca38f elementor-section-boxed elementor-section-height-default elementor-section-height-default exad-glass-effect-no exad-sticky-section-no\" data-id=\"2caca38f\" data-element_type=\"section\" data-e-type=\"section\">\n\t\t\t\t\t\t<div class=\"elementor-container elementor-column-gap-custom\">\n\t\t\t\t\t<div class=\"elementor-column elementor-col-50 elementor-inner-column elementor-element elementor-element-3f0430df exad-glass-effect-no exad-sticky-section-no\" data-id=\"3f0430df\" data-element_type=\"column\" data-e-type=\"column\">\n\t\t\t<div class=\"elementor-widget-wrap elementor-element-populated\">\n\t\t\t\t\t\t<div class=\"elementor-element elementor-element-554082d5 elementor-position-top exad-sticky-section-no exad-glass-effect-no elementor-invisible elementor-widget elementor-widget-image-box\" data-id=\"554082d5\" data-element_type=\"widget\" data-e-type=\"widget\" data-settings=\"{&quot;_animation&quot;:&quot;slideInUp&quot;,&quot;_animation_delay&quot;:50}\" data-widget_type=\"image-box.default\">\n\t\t\t\t<div class=\"elementor-widget-container\">\n\t\t\t\t\t<div class=\"elementor-image-box-wrapper\"><figure class=\"elementor-image-box-img\"><a href=\"https:\/\/novo2023.camtra.org.br\/index.php\/nosso-trabalho\/publicacoes\/\" tabindex=\"-1\"><img fetchpriority=\"high\" decoding=\"async\" width=\"800\" height=\"800\" src=\"https:\/\/camtra.org.br\/wp-content\/uploads\/2024\/01\/rosa-completa.png\" class=\"elementor-animation-shrink attachment-full size-full wp-image-9989\" alt=\"\" srcset=\"https:\/\/camtra.org.br\/wp-content\/uploads\/2024\/01\/rosa-completa.png 800w, https:\/\/camtra.org.br\/wp-content\/uploads\/2024\/01\/rosa-completa-300x300.png 300w, https:\/\/camtra.org.br\/wp-content\/uploads\/2024\/01\/elementor\/thumbs\/rosa-completa-qidln5ieivzjlvl9i6i2ztoa230sq5pquiz1yq19b0.png 150w, https:\/\/camtra.org.br\/wp-content\/uploads\/2024\/01\/rosa-completa-768x768.png 768w, https:\/\/camtra.org.br\/wp-content\/uploads\/2024\/01\/rosa-completa-600x600.png 600w, https:\/\/camtra.org.br\/wp-content\/uploads\/2024\/01\/elementor\/thumbs\/rosa-completa-qpbpedzx6rno06jquset12a5robzkyk7ljyldt3uws.png 70w, https:\/\/camtra.org.br\/wp-content\/uploads\/2024\/01\/elementor\/thumbs\/rosa-completa-qidln5ihkiymmvzljgo0a0s6nfjvdjr1k0fzc88bds.png 400w\" sizes=\"(max-width: 800px) 100vw, 800px\" \/><\/a><\/figure><div class=\"elementor-image-box-content\"><h3 class=\"elementor-image-box-title\"><a href=\"https:\/\/novo2023.camtra.org.br\/index.php\/nosso-trabalho\/publicacoes\/\">Publica\u00e7\u00f5es<\/a><\/h3><\/div><\/div>\t\t\t\t<\/div>\n\t\t\t\t<\/div>\n\t\t\t\t\t<\/div>\n\t\t<\/div>\n\t\t\t\t<div class=\"elementor-column elementor-col-50 elementor-inner-column elementor-element elementor-element-7192d62 exad-glass-effect-no exad-sticky-section-no\" data-id=\"7192d62\" data-element_type=\"column\" data-e-type=\"column\">\n\t\t\t<div class=\"elementor-widget-wrap elementor-element-populated\">\n\t\t\t\t\t\t<div class=\"elementor-element elementor-element-19a559d elementor-position-top exad-sticky-section-no exad-glass-effect-no elementor-invisible elementor-widget elementor-widget-image-box\" data-id=\"19a559d\" data-element_type=\"widget\" data-e-type=\"widget\" data-settings=\"{&quot;_animation&quot;:&quot;slideInUp&quot;,&quot;_animation_delay&quot;:50}\" data-widget_type=\"image-box.default\">\n\t\t\t\t<div class=\"elementor-widget-container\">\n\t\t\t\t\t<div class=\"elementor-image-box-wrapper\"><figure class=\"elementor-image-box-img\"><a href=\"https:\/\/novo2023.camtra.org.br\/index.php\/campanhas\/\" tabindex=\"-1\"><img fetchpriority=\"high\" decoding=\"async\" width=\"800\" height=\"800\" src=\"https:\/\/camtra.org.br\/wp-content\/uploads\/2024\/01\/rosa-completa.png\" class=\"elementor-animation-shrink attachment-full size-full wp-image-9989\" alt=\"\" srcset=\"https:\/\/camtra.org.br\/wp-content\/uploads\/2024\/01\/rosa-completa.png 800w, https:\/\/camtra.org.br\/wp-content\/uploads\/2024\/01\/rosa-completa-300x300.png 300w, https:\/\/camtra.org.br\/wp-content\/uploads\/2024\/01\/elementor\/thumbs\/rosa-completa-qidln5ieivzjlvl9i6i2ztoa230sq5pquiz1yq19b0.png 150w, https:\/\/camtra.org.br\/wp-content\/uploads\/2024\/01\/rosa-completa-768x768.png 768w, https:\/\/camtra.org.br\/wp-content\/uploads\/2024\/01\/rosa-completa-600x600.png 600w, https:\/\/camtra.org.br\/wp-content\/uploads\/2024\/01\/elementor\/thumbs\/rosa-completa-qpbpedzx6rno06jquset12a5robzkyk7ljyldt3uws.png 70w, https:\/\/camtra.org.br\/wp-content\/uploads\/2024\/01\/elementor\/thumbs\/rosa-completa-qidln5ihkiymmvzljgo0a0s6nfjvdjr1k0fzc88bds.png 400w\" sizes=\"(max-width: 800px) 100vw, 800px\" \/><\/a><\/figure><div class=\"elementor-image-box-content\"><h3 class=\"elementor-image-box-title\"><a href=\"https:\/\/novo2023.camtra.org.br\/index.php\/campanhas\/\">campanhas<\/a><\/h3><\/div><\/div>\t\t\t\t<\/div>\n\t\t\t\t<\/div>\n\t\t\t\t\t<\/div>\n\t\t<\/div>\n\t\t\t\t\t<\/div>\n\t\t<\/section>\n\t\t\t\t<section class=\"elementor-section elementor-inner-section elementor-element elementor-element-c8b5707 elementor-section-boxed elementor-section-height-default elementor-section-height-default exad-glass-effect-no exad-sticky-section-no\" data-id=\"c8b5707\" data-element_type=\"section\" data-e-type=\"section\">\n\t\t\t\t\t\t<div class=\"elementor-container elementor-column-gap-custom\">\n\t\t\t\t\t<div class=\"elementor-column elementor-col-50 elementor-inner-column elementor-element elementor-element-18a054d exad-glass-effect-no exad-sticky-section-no\" data-id=\"18a054d\" data-element_type=\"column\" data-e-type=\"column\">\n\t\t\t<div class=\"elementor-widget-wrap elementor-element-populated\">\n\t\t\t\t\t\t<div class=\"elementor-element elementor-element-0ae445b elementor-position-top exad-sticky-section-no exad-glass-effect-no elementor-invisible elementor-widget elementor-widget-image-box\" data-id=\"0ae445b\" data-element_type=\"widget\" data-e-type=\"widget\" data-settings=\"{&quot;_animation&quot;:&quot;slideInUp&quot;,&quot;_animation_delay&quot;:50}\" data-widget_type=\"image-box.default\">\n\t\t\t\t<div class=\"elementor-widget-container\">\n\t\t\t\t\t<div class=\"elementor-image-box-wrapper\"><figure class=\"elementor-image-box-img\"><a href=\"https:\/\/novo2023.camtra.org.br\/index.php\/defenda-se\/\" tabindex=\"-1\"><img fetchpriority=\"high\" decoding=\"async\" width=\"800\" height=\"800\" src=\"https:\/\/camtra.org.br\/wp-content\/uploads\/2024\/01\/rosa-completa.png\" class=\"elementor-animation-shrink attachment-full size-full wp-image-9989\" alt=\"\" srcset=\"https:\/\/camtra.org.br\/wp-content\/uploads\/2024\/01\/rosa-completa.png 800w, https:\/\/camtra.org.br\/wp-content\/uploads\/2024\/01\/rosa-completa-300x300.png 300w, https:\/\/camtra.org.br\/wp-content\/uploads\/2024\/01\/elementor\/thumbs\/rosa-completa-qidln5ieivzjlvl9i6i2ztoa230sq5pquiz1yq19b0.png 150w, https:\/\/camtra.org.br\/wp-content\/uploads\/2024\/01\/rosa-completa-768x768.png 768w, https:\/\/camtra.org.br\/wp-content\/uploads\/2024\/01\/rosa-completa-600x600.png 600w, https:\/\/camtra.org.br\/wp-content\/uploads\/2024\/01\/elementor\/thumbs\/rosa-completa-qpbpedzx6rno06jquset12a5robzkyk7ljyldt3uws.png 70w, https:\/\/camtra.org.br\/wp-content\/uploads\/2024\/01\/elementor\/thumbs\/rosa-completa-qidln5ihkiymmvzljgo0a0s6nfjvdjr1k0fzc88bds.png 400w\" sizes=\"(max-width: 800px) 100vw, 800px\" \/><\/a><\/figure><div class=\"elementor-image-box-content\"><h3 class=\"elementor-image-box-title\"><a href=\"https:\/\/novo2023.camtra.org.br\/index.php\/defenda-se\/\">Defenda-se!<\/a><\/h3><\/div><\/div>\t\t\t\t<\/div>\n\t\t\t\t<\/div>\n\t\t\t\t\t<\/div>\n\t\t<\/div>\n\t\t\t\t<div class=\"elementor-column elementor-col-50 elementor-inner-column elementor-element elementor-element-f75b01c exad-glass-effect-no exad-sticky-section-no\" data-id=\"f75b01c\" data-element_type=\"column\" data-e-type=\"column\">\n\t\t\t<div class=\"elementor-widget-wrap elementor-element-populated\">\n\t\t\t\t\t\t<div class=\"elementor-element elementor-element-53c1ad5 elementor-position-top exad-sticky-section-no exad-glass-effect-no elementor-invisible elementor-widget elementor-widget-image-box\" data-id=\"53c1ad5\" data-element_type=\"widget\" data-e-type=\"widget\" data-settings=\"{&quot;_animation&quot;:&quot;slideInUp&quot;,&quot;_animation_delay&quot;:50}\" data-widget_type=\"image-box.default\">\n\t\t\t\t<div class=\"elementor-widget-container\">\n\t\t\t\t\t<div class=\"elementor-image-box-wrapper\"><figure class=\"elementor-image-box-img\"><a href=\"https:\/\/novo2023.camtra.org.br\/index.php\/camtra-covid\/\" tabindex=\"-1\"><img fetchpriority=\"high\" decoding=\"async\" width=\"800\" height=\"800\" src=\"https:\/\/camtra.org.br\/wp-content\/uploads\/2024\/01\/rosa-completa.png\" class=\"elementor-animation-shrink attachment-full size-full wp-image-9989\" alt=\"\" srcset=\"https:\/\/camtra.org.br\/wp-content\/uploads\/2024\/01\/rosa-completa.png 800w, https:\/\/camtra.org.br\/wp-content\/uploads\/2024\/01\/rosa-completa-300x300.png 300w, https:\/\/camtra.org.br\/wp-content\/uploads\/2024\/01\/elementor\/thumbs\/rosa-completa-qidln5ieivzjlvl9i6i2ztoa230sq5pquiz1yq19b0.png 150w, https:\/\/camtra.org.br\/wp-content\/uploads\/2024\/01\/rosa-completa-768x768.png 768w, https:\/\/camtra.org.br\/wp-content\/uploads\/2024\/01\/rosa-completa-600x600.png 600w, https:\/\/camtra.org.br\/wp-content\/uploads\/2024\/01\/elementor\/thumbs\/rosa-completa-qpbpedzx6rno06jquset12a5robzkyk7ljyldt3uws.png 70w, https:\/\/camtra.org.br\/wp-content\/uploads\/2024\/01\/elementor\/thumbs\/rosa-completa-qidln5ihkiymmvzljgo0a0s6nfjvdjr1k0fzc88bds.png 400w\" sizes=\"(max-width: 800px) 100vw, 800px\" \/><\/a><\/figure><div class=\"elementor-image-box-content\"><h3 class=\"elementor-image-box-title\"><a href=\"https:\/\/novo2023.camtra.org.br\/index.php\/camtra-covid\/\">CAMTRA NA COVID-19<\/a><\/h3><\/div><\/div>\t\t\t\t<\/div>\n\t\t\t\t<\/div>\n\t\t\t\t\t<\/div>\n\t\t<\/div>\n\t\t\t\t\t<\/div>\n\t\t<\/section>\n\t\t\t\t\t<\/div>\n\t\t<\/div>\n\t\t\t\t\t<\/div>\n\t\t<\/section>\n\t\t\t\t<\/div>\n\t\t","protected":false},"excerpt":{"rendered":"<p>Acervo, mem\u00f3ria e resist\u00eancia Fundada em 1997, a CAMTRA \u00e9 uma organiza\u00e7\u00e3o feminista, que tem como miss\u00e3o ir ao encontro de outras mulheres com a perspectiva de colaborar para a [&hellip;]<\/p>\n","protected":false},"author":3,"featured_media":14717,"parent":0,"menu_order":0,"comment_status":"closed","ping_status":"closed","template":"","meta":{"om_disable_all_campaigns":false,"_uf_show_specific_survey":0,"_uf_disable_surveys":false,"ocean_post_layout":"","ocean_both_sidebars_style":"","ocean_both_sidebars_content_width":0,"ocean_both_sidebars_sidebars_width":0,"ocean_sidebar":"","ocean_second_sidebar":"","ocean_disable_margins":"enable","ocean_add_body_class":"","ocean_shortcode_before_top_bar":"","ocean_shortcode_after_top_bar":"","ocean_shortcode_before_header":"","ocean_shortcode_after_header":"","ocean_has_shortcode":"","ocean_shortcode_after_title":"","ocean_shortcode_before_footer_widgets":"","ocean_shortcode_after_footer_widgets":"","ocean_shortcode_before_footer_bottom":"","ocean_shortcode_after_footer_bottom":"","ocean_display_top_bar":"default","ocean_display_header":"default","ocean_header_style":"","ocean_center_header_left_menu":"","ocean_custom_header_template":"","ocean_custom_logo":0,"ocean_custom_retina_logo":0,"ocean_custom_logo_max_width":0,"ocean_custom_logo_tablet_max_width":0,"ocean_custom_logo_mobile_max_width":0,"ocean_custom_logo_max_height":0,"ocean_custom_logo_tablet_max_height":0,"ocean_custom_logo_mobile_max_height":0,"ocean_header_custom_menu":"","ocean_menu_typo_font_family":"","ocean_menu_typo_font_subset":"","ocean_menu_typo_font_size":0,"ocean_menu_typo_font_size_tablet":0,"ocean_menu_typo_font_size_mobile":0,"ocean_menu_typo_font_size_unit":"px","ocean_menu_typo_font_weight":"","ocean_menu_typo_font_weight_tablet":"","ocean_menu_typo_font_weight_mobile":"","ocean_menu_typo_transform":"","ocean_menu_typo_transform_tablet":"","ocean_menu_typo_transform_mobile":"","ocean_menu_typo_line_height":0,"ocean_menu_typo_line_height_tablet":0,"ocean_menu_typo_line_height_mobile":0,"ocean_menu_typo_line_height_unit":"","ocean_menu_typo_spacing":0,"ocean_menu_typo_spacing_tablet":0,"ocean_menu_typo_spacing_mobile":0,"ocean_menu_typo_spacing_unit":"","ocean_menu_link_color":"","ocean_menu_link_color_hover":"","ocean_menu_link_color_active":"","ocean_menu_link_background":"","ocean_menu_link_hover_background":"","ocean_menu_link_active_background":"","ocean_menu_social_links_bg":"","ocean_menu_social_hover_links_bg":"","ocean_menu_social_links_color":"","ocean_menu_social_hover_links_color":"","ocean_disable_title":"default","ocean_disable_heading":"default","ocean_post_title":"","ocean_post_subheading":"","ocean_post_title_style":"","ocean_post_title_background_color":"","ocean_post_title_background":0,"ocean_post_title_bg_image_position":"","ocean_post_title_bg_image_attachment":"","ocean_post_title_bg_image_repeat":"","ocean_post_title_bg_image_size":"","ocean_post_title_height":0,"ocean_post_title_bg_overlay":0.5,"ocean_post_title_bg_overlay_color":"","ocean_disable_breadcrumbs":"default","ocean_breadcrumbs_color":"","ocean_breadcrumbs_separator_color":"","ocean_breadcrumbs_links_color":"","ocean_breadcrumbs_links_hover_color":"","ocean_display_footer_widgets":"default","ocean_display_footer_bottom":"default","ocean_custom_footer_template":"","footnotes":""},"class_list":["post-10337","page","type-page","status-publish","has-post-thumbnail","hentry","entry","has-media"],"_links":{"self":[{"href":"https:\/\/camtra.org.br\/index.php\/wp-json\/wp\/v2\/pages\/10337","targetHints":{"allow":["GET"]}}],"collection":[{"href":"https:\/\/camtra.org.br\/index.php\/wp-json\/wp\/v2\/pages"}],"about":[{"href":"https:\/\/camtra.org.br\/index.php\/wp-json\/wp\/v2\/types\/page"}],"author":[{"embeddable":true,"href":"https:\/\/camtra.org.br\/index.php\/wp-json\/wp\/v2\/users\/3"}],"replies":[{"embeddable":true,"href":"https:\/\/camtra.org.br\/index.php\/wp-json\/wp\/v2\/comments?post=10337"}],"version-history":[{"count":30,"href":"https:\/\/camtra.org.br\/index.php\/wp-json\/wp\/v2\/pages\/10337\/revisions"}],"predecessor-version":[{"id":14722,"href":"https:\/\/camtra.org.br\/index.php\/wp-json\/wp\/v2\/pages\/10337\/revisions\/14722"}],"wp:featuredmedia":[{"embeddable":true,"href":"https:\/\/camtra.org.br\/index.php\/wp-json\/wp\/v2\/media\/14717"}],"wp:attachment":[{"href":"https:\/\/camtra.org.br\/index.php\/wp-json\/wp\/v2\/media?parent=10337"}],"curies":[{"name":"wp","href":"https:\/\/api.w.org\/{rel}","templated":true}]}}