{"id":13589,"date":"2024-05-20T16:58:46","date_gmt":"2024-05-20T16:58:46","guid":{"rendered":"https:\/\/novo2023.camtra.org.br\/?page_id=13589"},"modified":"2024-09-27T23:24:18","modified_gmt":"2024-09-27T23:24:18","slug":"nosso-trabalho-2","status":"publish","type":"page","link":"https:\/\/camtra.org.br\/index.php\/nosso-trabalho-2\/","title":{"rendered":"Nosso Trabalho"},"content":{"rendered":"<div id=\"fb-root\"><\/div>\n\t\t<div data-elementor-type=\"wp-page\" data-elementor-id=\"13589\" class=\"elementor elementor-13589\">\n\t\t\t\t<div class=\"elementor-element elementor-element-6398585 e-con-full e-flex e-con e-parent\" data-id=\"6398585\" data-element_type=\"container\" data-e-type=\"container\">\n\t\t\t\t<div class=\"elementor-element elementor-element-1e2410b elementor-widget__width-inherit exad-sticky-section-no exad-glass-effect-no elementor-widget elementor-widget-image\" data-id=\"1e2410b\" data-element_type=\"widget\" data-e-type=\"widget\" data-widget_type=\"image.default\">\n\t\t\t\t<div class=\"elementor-widget-container\">\n\t\t\t\t\t\t\t\t\t\t\t\t\t\t\t<img fetchpriority=\"high\" decoding=\"async\" width=\"2048\" height=\"1367\" src=\"https:\/\/camtra.org.br\/wp-content\/uploads\/2024\/05\/CCS1461-1-2048x1367.jpg\" class=\"attachment-2048x2048 size-2048x2048 wp-image-13583\" alt=\"\" srcset=\"https:\/\/camtra.org.br\/wp-content\/uploads\/2024\/05\/CCS1461-1-2048x1367.jpg 2048w, https:\/\/camtra.org.br\/wp-content\/uploads\/2024\/05\/CCS1461-1-300x200.jpg 300w, https:\/\/camtra.org.br\/wp-content\/uploads\/2024\/05\/CCS1461-1-1024x684.jpg 1024w, https:\/\/camtra.org.br\/wp-content\/uploads\/2024\/05\/CCS1461-1-768x513.jpg 768w, https:\/\/camtra.org.br\/wp-content\/uploads\/2024\/05\/CCS1461-1-1536x1025.jpg 1536w\" sizes=\"(max-width: 2048px) 100vw, 2048px\" \/>\t\t\t\t\t\t\t\t\t\t\t\t\t\t\t<\/div>\n\t\t\t\t<\/div>\n\t\t\t\t<\/div>\n\t\t<div class=\"elementor-element elementor-element-2e58a63 e-con-full e-flex e-con e-parent\" data-id=\"2e58a63\" data-element_type=\"container\" data-e-type=\"container\">\n\t\t\t\t<div class=\"elementor-element elementor-element-b71017f elementor-widget-tablet__width-initial elementor-absolute exad-sticky-section-no exad-glass-effect-no elementor-widget elementor-widget-text-editor\" data-id=\"b71017f\" data-element_type=\"widget\" data-e-type=\"widget\" data-settings=\"{&quot;_position&quot;:&quot;absolute&quot;}\" data-widget_type=\"text-editor.default\">\n\t\t\t\t<div class=\"elementor-widget-container\">\n\t\t\t\t\t\t\t\t\t<p>Foto Claudinei de Castro \/ Barraca da Camtra, Saara\/RJ<\/p>\t\t\t\t\t\t\t\t<\/div>\n\t\t\t\t<\/div>\n\t\t\t\t<\/div>\n\t\t<div class=\"elementor-element elementor-element-37a6fae e-con-full e-flex e-con e-parent\" data-id=\"37a6fae\" data-element_type=\"container\" data-e-type=\"container\">\n\t\t\t\t<div class=\"elementor-element elementor-element-692fe4c exad-sticky-section-no exad-glass-effect-no elementor-widget elementor-widget-heading\" data-id=\"692fe4c\" data-element_type=\"widget\" data-e-type=\"widget\" data-widget_type=\"heading.default\">\n\t\t\t\t<div class=\"elementor-widget-container\">\n\t\t\t\t\t<h1 class=\"elementor-heading-title elementor-size-default\">Nosso Trabalho<\/h1>\t\t\t\t<\/div>\n\t\t\t\t<\/div>\n\t\t\t\t<\/div>\n\t\t<div class=\"elementor-element elementor-element-713ec7c e-flex e-con-boxed e-con e-parent\" data-id=\"713ec7c\" data-element_type=\"container\" data-e-type=\"container\">\n\t\t\t\t\t<div class=\"e-con-inner\">\n\t\t\t\t<div class=\"elementor-element elementor-element-082b560 exad-sticky-section-no exad-glass-effect-no elementor-widget elementor-widget-text-editor\" data-id=\"082b560\" data-element_type=\"widget\" data-e-type=\"widget\" data-widget_type=\"text-editor.default\">\n\t\t\t\t<div class=\"elementor-widget-container\">\n\t\t\t\t\t\t\t\t\t<p>Impactamos a vida das mulheres em v\u00e1rias dimens\u00f5es \u2013 no enfrentamento \u00e0 viol\u00eancia contra as mulheres, no apoio \u00e0s causas ou quest\u00f5es de viola\u00e7\u00e3o de direitos, no investimento em novas lideran\u00e7as de mulheres jovens e negras, mulheres com defici\u00eancia, lideran\u00e7as comunit\u00e1rias, trabalhadoras do setor formal e informal. Impactamos ao fortalecer o movimento feminista atrav\u00e9s da forma\u00e7\u00e3o de novas lideran\u00e7as e nas a\u00e7\u00f5es em redes e articula\u00e7\u00f5es, incid\u00eancia pol\u00edtica e no apoio \u00e0s novas organiza\u00e7\u00f5es, coletivos e redes.<\/p>\t\t\t\t\t\t\t\t<\/div>\n\t\t\t\t<\/div>\n\t\t\t\t\t<\/div>\n\t\t\t\t<\/div>\n\t\t<div class=\"elementor-element elementor-element-ca53be2 e-con-full e-flex e-con e-parent\" data-id=\"ca53be2\" data-element_type=\"container\" data-e-type=\"container\">\n\t\t\t\t<\/div>\n\t\t\t\t<\/div>\n\t\t","protected":false},"excerpt":{"rendered":"<p>Descubra as iniciativas e projetos da CAMTRA voltados \u00e0 promo\u00e7\u00e3o dos direitos das mulheres trabalhadoras. Conhe\u00e7a nossas a\u00e7\u00f5es de educa\u00e7\u00e3o, igualdade de g\u00eanero, e justi\u00e7a social.<\/p>\n","protected":false},"author":3,"featured_media":14717,"parent":0,"menu_order":0,"comment_status":"closed","ping_status":"closed","template":"","meta":{"om_disable_all_campaigns":false,"_uf_show_specific_survey":0,"_uf_disable_surveys":false,"ocean_post_layout":"","ocean_both_sidebars_style":"","ocean_both_sidebars_content_width":0,"ocean_both_sidebars_sidebars_width":0,"ocean_sidebar":"","ocean_second_sidebar":"","ocean_disable_margins":"enable","ocean_add_body_class":"","ocean_shortcode_before_top_bar":"","ocean_shortcode_after_top_bar":"","ocean_shortcode_before_header":"","ocean_shortcode_after_header":"","ocean_has_shortcode":"","ocean_shortcode_after_title":"","ocean_shortcode_before_footer_widgets":"","ocean_shortcode_after_footer_widgets":"","ocean_shortcode_before_footer_bottom":"","ocean_shortcode_after_footer_bottom":"","ocean_display_top_bar":"default","ocean_display_header":"default","ocean_header_style":"","ocean_center_header_left_menu":"","ocean_custom_header_template":"","ocean_custom_logo":0,"ocean_custom_retina_logo":0,"ocean_custom_logo_max_width":0,"ocean_custom_logo_tablet_max_width":0,"ocean_custom_logo_mobile_max_width":0,"ocean_custom_logo_max_height":0,"ocean_custom_logo_tablet_max_height":0,"ocean_custom_logo_mobile_max_height":0,"ocean_header_custom_menu":"","ocean_menu_typo_font_family":"","ocean_menu_typo_font_subset":"","ocean_menu_typo_font_size":0,"ocean_menu_typo_font_size_tablet":0,"ocean_menu_typo_font_size_mobile":0,"ocean_menu_typo_font_size_unit":"px","ocean_menu_typo_font_weight":"","ocean_menu_typo_font_weight_tablet":"","ocean_menu_typo_font_weight_mobile":"","ocean_menu_typo_transform":"","ocean_menu_typo_transform_tablet":"","ocean_menu_typo_transform_mobile":"","ocean_menu_typo_line_height":0,"ocean_menu_typo_line_height_tablet":0,"ocean_menu_typo_line_height_mobile":0,"ocean_menu_typo_line_height_unit":"","ocean_menu_typo_spacing":0,"ocean_menu_typo_spacing_tablet":0,"ocean_menu_typo_spacing_mobile":0,"ocean_menu_typo_spacing_unit":"","ocean_menu_link_color":"","ocean_menu_link_color_hover":"","ocean_menu_link_color_active":"","ocean_menu_link_background":"","ocean_menu_link_hover_background":"","ocean_menu_link_active_background":"","ocean_menu_social_links_bg":"","ocean_menu_social_hover_links_bg":"","ocean_menu_social_links_color":"","ocean_menu_social_hover_links_color":"","ocean_disable_title":"default","ocean_disable_heading":"default","ocean_post_title":"","ocean_post_subheading":"","ocean_post_title_style":"","ocean_post_title_background_color":"","ocean_post_title_background":0,"ocean_post_title_bg_image_position":"","ocean_post_title_bg_image_attachment":"","ocean_post_title_bg_image_repeat":"","ocean_post_title_bg_image_size":"","ocean_post_title_height":0,"ocean_post_title_bg_overlay":0.5,"ocean_post_title_bg_overlay_color":"","ocean_disable_breadcrumbs":"default","ocean_breadcrumbs_color":"","ocean_breadcrumbs_separator_color":"","ocean_breadcrumbs_links_color":"","ocean_breadcrumbs_links_hover_color":"","ocean_display_footer_widgets":"default","ocean_display_footer_bottom":"default","ocean_custom_footer_template":"","footnotes":""},"class_list":["post-13589","page","type-page","status-publish","has-post-thumbnail","hentry","entry","has-media"],"_links":{"self":[{"href":"https:\/\/camtra.org.br\/index.php\/wp-json\/wp\/v2\/pages\/13589","targetHints":{"allow":["GET"]}}],"collection":[{"href":"https:\/\/camtra.org.br\/index.php\/wp-json\/wp\/v2\/pages"}],"about":[{"href":"https:\/\/camtra.org.br\/index.php\/wp-json\/wp\/v2\/types\/page"}],"author":[{"embeddable":true,"href":"https:\/\/camtra.org.br\/index.php\/wp-json\/wp\/v2\/users\/3"}],"replies":[{"embeddable":true,"href":"https:\/\/camtra.org.br\/index.php\/wp-json\/wp\/v2\/comments?post=13589"}],"version-history":[{"count":29,"href":"https:\/\/camtra.org.br\/index.php\/wp-json\/wp\/v2\/pages\/13589\/revisions"}],"predecessor-version":[{"id":14723,"href":"https:\/\/camtra.org.br\/index.php\/wp-json\/wp\/v2\/pages\/13589\/revisions\/14723"}],"wp:featuredmedia":[{"embeddable":true,"href":"https:\/\/camtra.org.br\/index.php\/wp-json\/wp\/v2\/media\/14717"}],"wp:attachment":[{"href":"https:\/\/camtra.org.br\/index.php\/wp-json\/wp\/v2\/media?parent=13589"}],"curies":[{"name":"wp","href":"https:\/\/api.w.org\/{rel}","templated":true}]}}