{"id":3,"date":"2023-11-16T16:50:19","date_gmt":"2023-11-16T16:50:19","guid":{"rendered":"https:\/\/novo2023.camtra.org.br\/?page_id=3"},"modified":"2024-07-11T22:23:49","modified_gmt":"2024-07-11T22:23:49","slug":"politica-privacidade","status":"publish","type":"page","link":"https:\/\/camtra.org.br\/index.php\/politica-privacidade\/","title":{"rendered":"Pol\u00edtica de Privacidade"},"content":{"rendered":"<div id=\"fb-root\"><\/div>\n\t\t<div data-elementor-type=\"wp-page\" data-elementor-id=\"3\" class=\"elementor elementor-3\">\n\t\t\t\t<div class=\"elementor-element elementor-element-15dbb7f e-flex e-con-boxed e-con e-parent\" data-id=\"15dbb7f\" data-element_type=\"container\" data-e-type=\"container\">\n\t\t\t\t\t<div class=\"e-con-inner\">\n\t\t<div class=\"elementor-element elementor-element-7f84e4f e-flex e-con-boxed e-con e-child\" data-id=\"7f84e4f\" data-element_type=\"container\" data-e-type=\"container\">\n\t\t\t\t\t<div class=\"e-con-inner\">\n\t\t\t\t<div class=\"elementor-element elementor-element-1499d2f exad-sticky-section-no exad-glass-effect-no elementor-widget elementor-widget-heading\" data-id=\"1499d2f\" data-element_type=\"widget\" data-e-type=\"widget\" data-widget_type=\"heading.default\">\n\t\t\t\t<div class=\"elementor-widget-container\">\n\t\t\t\t\t<h1 class=\"elementor-heading-title elementor-size-default\">Pol\u00edtica de Privacidade<\/h1>\t\t\t\t<\/div>\n\t\t\t\t<\/div>\n\t\t\t\t\t<\/div>\n\t\t\t\t<\/div>\n\t\t\t\t\t<\/div>\n\t\t\t\t<\/div>\n\t\t<div class=\"elementor-element elementor-element-678f1ec4 e-flex e-con-boxed e-con e-parent\" data-id=\"678f1ec4\" data-element_type=\"container\" data-e-type=\"container\">\n\t\t\t\t\t<div class=\"e-con-inner\">\n\t\t\t\t<div class=\"elementor-element elementor-element-51832164 exad-sticky-section-no exad-glass-effect-no elementor-widget elementor-widget-text-editor\" data-id=\"51832164\" data-element_type=\"widget\" data-e-type=\"widget\" data-widget_type=\"text-editor.default\">\n\t\t\t\t<div class=\"elementor-widget-container\">\n\t\t\t\t\t\t\t\t\t\n<h3 class=\"wp-block-heading\">A CAMTRA<\/h3>\n\n<p>Este site respeita suas e seus visitantes e assume o compromisso de proteger sua privacidade na internet. Nosso compromisso \u00e9 o de resguardar as informa\u00e7\u00f5es pessoais que nos forem fornecidas e o de utilizar estas informa\u00e7\u00f5es somente para os fins a que forem destinados.<br \/><br \/>Todos os dados coletados por este site s\u00e3o destinados a finalidades espec\u00edficas, em conformidade com a Lei n\u00ba 13.709 de 14 de agosto de 2018 \u2013 Lei Geral de Prote\u00e7\u00e3o de Dados Pessoais (LGPD).<br \/>Esta declara\u00e7\u00e3o descreve as pr\u00e1ticas de privacidade do dom\u00ednio do nosso site: <strong>Camtra.org.br<\/strong><\/p>\n\n<h3 class=\"wp-block-heading\"><strong>Quais dados pessoais coletamos e porque<\/strong><\/h3>\n<h3><\/h3>\n<h3 class=\"wp-block-heading\"><strong>Formul\u00e1rios<\/strong><\/h3>\n\n<p>Ao enviar uma mensagem ou cadastro pelos formul\u00e1rios do site, voc\u00ea estar\u00e1 aceitando esta pol\u00edtica de privacidade. Os seus dados enviados ser\u00e3o mantidos nos nossos sistemas e utilizados no intuito de aprimorar a sua experi\u00eancia como usu\u00e1ria.<\/p>\n\n<p>Os dados pessoais (nome, telefone, e-mail, endere\u00e7o e outros) s\u00e3o coletados com fins de transmitir mensagens, enviar documentos, coleta, classifica\u00e7\u00e3o, utiliza\u00e7\u00e3o, acesso, comunica\u00e7\u00e3o, arquivamento e armazenamento.<\/p>\n\n<h3 class=\"wp-block-heading\"><strong>Coment\u00e1rios<\/strong><\/h3>\n\n<p>Quando as ou os visitantes deixam coment\u00e1rios no site, coletamos os dados mostrados no formul\u00e1rio de coment\u00e1rios, al\u00e9m do endere\u00e7o de IP e de dados do navegador do visitante, para auxiliar na detec\u00e7\u00e3o de spam.<\/p>\n\n<h3 class=\"wp-block-heading\"><strong>M\u00eddia<\/strong><\/h3>\n\n<p>Se voc\u00ea envia imagens para o site, evite enviar as que contenham dados de localiza\u00e7\u00e3o incorporados (EXIF GPS). Visitantes podem baixar estas imagens do site e extrair delas seus dados de localiza\u00e7\u00e3o.<\/p>\n\n<h3 class=\"wp-block-heading\"><strong>Cookies, contidas na p\u00e1gina<\/strong><\/h3>\n\n<p>Esta p\u00e1gina utiliza cookies tempor\u00e1rios que identificam a perman\u00eancia das usu\u00e1rias e a utiliza\u00e7\u00e3o feita por estas usu\u00e1rias e utilizados no intuito de aprimorar a sua experi\u00eancia como usu\u00e1ria.<\/p>\n\n<p>Cookies s\u00e3o pequenos arquivos de texto baixados automaticamente em seu dispositivo quando voc\u00ea acessa e navega por um site. Eles servem, basicamente, para que seja poss\u00edvel identificar dispositivos, atividades e prefer\u00eancias de usu\u00e1rias.<\/p>\n\n<p>Os cookies n\u00e3o permitem que qualquer arquivo ou informa\u00e7\u00e3o sejam extra\u00eddos do disco r\u00edgido da usu\u00e1ria, n\u00e3o sendo poss\u00edvel que, por meio deles, se tenha acesso a informa\u00e7\u00f5es pessoais que n\u00e3o tenham partido da usu\u00e1ria ou da forma como utiliza os recursos do site.<\/p>\n\n<h3 class=\"wp-block-heading\"><strong>Cookies de terceiros<\/strong><\/h3>\n\n<p>Algumas de nossas parcerias podem configurar cookies nos dispositivos das usu\u00e1rias que acessam nosso site. Estes cookies, em geral, visam possibilitar que nossas parcerias possam oferecer seu conte\u00fado e seus servi\u00e7os \u00e0 usu\u00e1ria que acessa nosso site de forma personalizada, por meio da obten\u00e7\u00e3o de dados de navega\u00e7\u00e3o extra\u00eddos a partir de sua intera\u00e7\u00e3o com o site. A usu\u00e1ria poder\u00e1 obter mais informa\u00e7\u00f5es sobre os cookies de terceiros e sobre a forma como os dados obtidos a partir deles s\u00e3o tratados, al\u00e9m de ter acesso \u00e0 descri\u00e7\u00e3o dos cookies utilizados e de suas caracter\u00edsticas, acessando o seguinte link:<\/p>\n\n<ul class=\"wp-block-list\">\n<li>Google Analytics<\/li>\n\n<li>Google Adwords<\/li>\n\n<li>WordPress<\/li>\n<\/ul>\n\n<p>As entidades encarregadas da coleta dos cookies poder\u00e3o ceder as informa\u00e7\u00f5es obtidas a terceiros.<\/p>\n\n<p><strong>M\u00eddia incorporada de outros sites<\/strong><\/p>\n\n<p>Artigos neste site podem incluir conte\u00fado incorporado, como v\u00eddeos, imagens, artigos etc. Conte\u00fados incorporados de outros sites se comportam exatamente da mesma forma como se o visitante estivesse visitando o outro site.<\/p>\n\n<p>Estes sites podem coletar dados sobre voc\u00ea, usar cookies, incorporar rastreamento adicional de terceiros e monitorar sua intera\u00e7\u00e3o com este conte\u00fado incorporado, incluindo sua intera\u00e7\u00e3o com o conte\u00fado incorporado se voc\u00ea tem uma conta e est\u00e1 conectada com o site.<\/p>\n\n<h3 class=\"wp-block-heading\"><strong>Com quem partilhamos seus dados<\/strong><\/h3>\n\n<p>A Camtra n\u00e3o compartilha dados fornecidos com outros sites.<\/p>\n\n<h3 class=\"wp-block-heading\"><strong>Por quanto tempo mantemos os seus dados<\/strong><\/h3>\n\n<p>Se voc\u00ea deixar um coment\u00e1rio, o coment\u00e1rio e os seus metadados s\u00e3o conservados indefinidamente. Fazemos isso para que seja poss\u00edvel reconhecer e aprovar automaticamente qualquer coment\u00e1rio posterior ao inv\u00e9s de ret\u00ea-lo para modera\u00e7\u00e3o.<\/p>\n\n<p>Para as usu\u00e1rias que se registram no nosso site (se houver), tamb\u00e9m guardamos as informa\u00e7\u00f5es pessoais que fornecem no seu perfil de usu\u00e1ria. Todas as usu\u00e1rias podem ver, editar ou excluir suas informa\u00e7\u00f5es pessoais a qualquer momento (s\u00f3 n\u00e3o \u00e9 poss\u00edvel alterar o seu <em>username<\/em>). As administradoras ou administradores de sites tamb\u00e9m podem ver e editar estas informa\u00e7\u00f5es.<\/p>\n\n<p>A Camtra poder\u00e1 manter e tratar os dados pessoais da(o) titular durante todo o per\u00edodo em que os mesmos forem pertinentes ao alcance das finalidades listadas no presente termo, sendo que os dados pessoais anonimizados, sem possibilidade de associa\u00e7\u00e3o \u00e0(ao) titular, poder\u00e3o ser mantidos por per\u00edodo indefinido.<\/p>\n\n<h3 class=\"wp-block-heading\"><strong>Quais os seus direitos sobre seus dados<\/strong><\/h3>\n\n<p>Voc\u00ea poder\u00e1, a qualquer momento:<\/p>\n\n<ul class=\"wp-block-list\">\n<li>Ter acesso \u00e0s informa\u00e7\u00f5es sobre a forma e a dura\u00e7\u00e3o de tratamento dos seus dados;<\/li>\n\n<li>Solicitar a atualiza\u00e7\u00e3o ou corre\u00e7\u00e3o dos seus dados;<\/li>\n\n<li>Solicitar a elimina\u00e7\u00e3o dos seus dados pessoais tratados e revoga\u00e7\u00e3o do consentimento, nos termos da Lei. A partir da solicita\u00e7\u00e3o, os dados s\u00e3o eliminados da plataforma virtual.<\/li>\n<\/ul>\n\n<p>As solicita\u00e7\u00f5es e questionamentos acerca do tratamento e elimina\u00e7\u00e3o de seus dados dever\u00e3o ser realizadas atrav\u00e9s do e-mail <a href=\"mailto:Camtra@Camtra.org.br\">camtra@camtra.org.br<\/a>.<\/p>\n\n<h3 class=\"wp-block-heading\"><strong>Para onde enviamos seus dados<\/strong><\/h3>\n\n<p>Coment\u00e1rios de visitantes podem ser marcados por um servi\u00e7o autom\u00e1tico de detec\u00e7\u00e3o de spam.<\/p>\n\n<h3 class=\"wp-block-heading\"><strong>Como protegemos seus dados<\/strong><\/h3>\n\n<p>Mantemos contrato de manuten\u00e7\u00e3o com profissional especializado, com intuito de manter todos os softwares atualizados e os sistemas \u00e0 prova de invas\u00e3o.<\/p>\n\t\t\t\t\t\t\t\t<\/div>\n\t\t\t\t<\/div>\n\t\t\t\t\t<\/div>\n\t\t\t\t<\/div>\n\t\t\t\t<\/div>\n\t\t","protected":false},"excerpt":{"rendered":"<p>Pol\u00edtica de Privacidade A CAMTRA Este site respeita suas e seus visitantes e assume o compromisso de proteger sua privacidade na internet. Nosso compromisso \u00e9 o de resguardar as informa\u00e7\u00f5es [&hellip;]<\/p>\n","protected":false},"author":3,"featured_media":0,"parent":0,"menu_order":0,"comment_status":"closed","ping_status":"closed","template":"","meta":{"om_disable_all_campaigns":false,"_uf_show_specific_survey":0,"_uf_disable_surveys":false,"ocean_post_layout":"","ocean_both_sidebars_style":"","ocean_both_sidebars_content_width":0,"ocean_both_sidebars_sidebars_width":0,"ocean_sidebar":"","ocean_second_sidebar":"","ocean_disable_margins":"enable","ocean_add_body_class":"","ocean_shortcode_before_top_bar":"","ocean_shortcode_after_top_bar":"","ocean_shortcode_before_header":"","ocean_shortcode_after_header":"","ocean_has_shortcode":"","ocean_shortcode_after_title":"","ocean_shortcode_before_footer_widgets":"","ocean_shortcode_after_footer_widgets":"","ocean_shortcode_before_footer_bottom":"","ocean_shortcode_after_footer_bottom":"","ocean_display_top_bar":"default","ocean_display_header":"default","ocean_header_style":"","ocean_center_header_left_menu":"","ocean_custom_header_template":"","ocean_custom_logo":0,"ocean_custom_retina_logo":0,"ocean_custom_logo_max_width":0,"ocean_custom_logo_tablet_max_width":0,"ocean_custom_logo_mobile_max_width":0,"ocean_custom_logo_max_height":0,"ocean_custom_logo_tablet_max_height":0,"ocean_custom_logo_mobile_max_height":0,"ocean_header_custom_menu":"","ocean_menu_typo_font_family":"","ocean_menu_typo_font_subset":"","ocean_menu_typo_font_size":0,"ocean_menu_typo_font_size_tablet":0,"ocean_menu_typo_font_size_mobile":0,"ocean_menu_typo_font_size_unit":"px","ocean_menu_typo_font_weight":"","ocean_menu_typo_font_weight_tablet":"","ocean_menu_typo_font_weight_mobile":"","ocean_menu_typo_transform":"","ocean_menu_typo_transform_tablet":"","ocean_menu_typo_transform_mobile":"","ocean_menu_typo_line_height":0,"ocean_menu_typo_line_height_tablet":0,"ocean_menu_typo_line_height_mobile":0,"ocean_menu_typo_line_height_unit":"","ocean_menu_typo_spacing":0,"ocean_menu_typo_spacing_tablet":0,"ocean_menu_typo_spacing_mobile":0,"ocean_menu_typo_spacing_unit":"","ocean_menu_link_color":"","ocean_menu_link_color_hover":"","ocean_menu_link_color_active":"","ocean_menu_link_background":"","ocean_menu_link_hover_background":"","ocean_menu_link_active_background":"","ocean_menu_social_links_bg":"","ocean_menu_social_hover_links_bg":"","ocean_menu_social_links_color":"","ocean_menu_social_hover_links_color":"","ocean_disable_title":"default","ocean_disable_heading":"default","ocean_post_title":"","ocean_post_subheading":"","ocean_post_title_style":"","ocean_post_title_background_color":"","ocean_post_title_background":0,"ocean_post_title_bg_image_position":"","ocean_post_title_bg_image_attachment":"","ocean_post_title_bg_image_repeat":"","ocean_post_title_bg_image_size":"","ocean_post_title_height":0,"ocean_post_title_bg_overlay":0.5,"ocean_post_title_bg_overlay_color":"","ocean_disable_breadcrumbs":"default","ocean_breadcrumbs_color":"","ocean_breadcrumbs_separator_color":"","ocean_breadcrumbs_links_color":"","ocean_breadcrumbs_links_hover_color":"","ocean_display_footer_widgets":"default","ocean_display_footer_bottom":"default","ocean_custom_footer_template":"","footnotes":""},"class_list":["post-3","page","type-page","status-publish","hentry","entry"],"_links":{"self":[{"href":"https:\/\/camtra.org.br\/index.php\/wp-json\/wp\/v2\/pages\/3","targetHints":{"allow":["GET"]}}],"collection":[{"href":"https:\/\/camtra.org.br\/index.php\/wp-json\/wp\/v2\/pages"}],"about":[{"href":"https:\/\/camtra.org.br\/index.php\/wp-json\/wp\/v2\/types\/page"}],"author":[{"embeddable":true,"href":"https:\/\/camtra.org.br\/index.php\/wp-json\/wp\/v2\/users\/3"}],"replies":[{"embeddable":true,"href":"https:\/\/camtra.org.br\/index.php\/wp-json\/wp\/v2\/comments?post=3"}],"version-history":[{"count":11,"href":"https:\/\/camtra.org.br\/index.php\/wp-json\/wp\/v2\/pages\/3\/revisions"}],"predecessor-version":[{"id":14251,"href":"https:\/\/camtra.org.br\/index.php\/wp-json\/wp\/v2\/pages\/3\/revisions\/14251"}],"wp:attachment":[{"href":"https:\/\/camtra.org.br\/index.php\/wp-json\/wp\/v2\/media?parent=3"}],"curies":[{"name":"wp","href":"https:\/\/api.w.org\/{rel}","templated":true}]}}