{"id":301,"date":"2018-10-05T19:45:25","date_gmt":"2018-10-05T22:45:25","guid":{"rendered":"https:\/\/camtra.org.br\/?page_id=301"},"modified":"2018-10-05T19:45:25","modified_gmt":"2018-10-05T22:45:25","slug":"missao-e-historia","status":"publish","type":"page","link":"https:\/\/camtra.org.br\/index.php\/quem-somos-2\/missao-e-historia\/","title":{"rendered":"Miss\u00e3o e Hist\u00f3ria"},"content":{"rendered":"<div id=\"fb-root\"><\/div>\n<p>[vc_row css=&#8221;.vc_custom_1539736165337{background: #eeee22 url(https:\/\/camtra.org.br\/wp-content\/uploads\/2018\/10\/sobre-o-camtra.jpg?id=926) !important;background-position: center !important;background-repeat: no-repeat !important;background-size: cover !important;}&#8221;][vc_column][vc_empty_space height=&#8221;410&#8243;][\/vc_column][\/vc_row][vc_row][vc_column][vc_empty_space height=&#8221;40&#8243;][\/vc_column][\/vc_row][vc_row][vc_column width=&#8221;2\/3&#8243;][vc_column_text]<\/p>\n<h3><strong>MISS\u00c3O<\/strong><\/h3>\n<p>Fundada em 1997, a CAMTRA \u00e9 uma organiza\u00e7\u00e3o feminista, que tem como miss\u00e3o ir ao encontro de outras mulheres com a perspectiva de colaborar para a promo\u00e7\u00e3o de seus direitos e para o fortalecimento de sua autonomia, tendo em vista a constru\u00e7\u00e3o de uma sociedade justa e igualit\u00e1ria.<\/p>\n<h3>HIST\u00d3RIA<\/h3>\n<p>No depoimento ao lado, Eleut\u00e9ria Amora, fundadora da CAMTRA, traz o contexto e a inspira\u00e7\u00e3o para a cria\u00e7\u00e3o da institui\u00e7\u00e3o. Cearense, ex-militante do movimento estudantil, fundou a organiza\u00e7\u00e3o quando se deparou com uma necessidade que ela sabia ser tamb\u00e9m de tantas outras mulheres, a luta por pol\u00edticas p\u00fablicas que atendessem \u00e0s necessidades das mulheres trabalhadoras.<\/p>\n<p>O sonho come\u00e7ou a se realizar na forma de pequenas a\u00e7\u00f5es diretas. Para atrair as mulheres, a Camtra come\u00e7ou a convidar as trabalhadoras para debates e semin\u00e1rios, distribuindo material informativo sobre sa\u00fade sexual e reprodutiva (doen\u00e7as sexualmente transmiss\u00edveis, preven\u00e7\u00e3o contra o HIV\/Aids, planejamento familiar, gravidez n\u00e3o desejada, atendimento ginecol\u00f3gico e obst\u00e9trico etc.), encaminhando trabalhadoras para as unidades de sa\u00fade quando necess\u00e1rio, orientando sobre o que fazer em caso de viol\u00eancia dom\u00e9stica e viol\u00eancia contra as mulheres.<\/p>\n<p>Ao mesmo tempo, procurava incentivar as mulheres a exigirem seus direitos, especialmente os trabalhistas. Situa\u00e7\u00f5es como demiss\u00e3o em caso de gravidez ou teste de gravidez compuls\u00f3rio para a contrata\u00e7\u00e3o de mulheres, ass\u00e9dio sexual, condi\u00e7\u00f5es de trabalho insalubres, at\u00e9 diferen\u00e7a salarial entre homens e mulheres que desempenham a mesma fun\u00e7\u00e3o eram recorrentes nos relatos das trabalhadoras atendidas pela Camtra.<\/p>\n<p>Tendo ao longo dos anos colaborado para que milhares de mulheres conhecessem seus direitos e tivessem melhores ferramentas para lutar pela melhoria da qualidade de vida delas pr\u00f3prias, de suas fam\u00edlias e das comunidades onde vivem.<\/p>\n<p>Se nos primeiros anos a Camtra era uma institui\u00e7\u00e3o puramente militante, de mobiliza\u00e7\u00e3o de bases em busca de direitos, hoje em dia atua tamb\u00e9m como uma escola de forma\u00e7\u00e3o feminista para mulheres jovens, associadas de grupos comunit\u00e1rios, trabalhadoras, profissionais de educa\u00e7\u00e3o, mulheres de todas as classes sociais. J\u00e1 s\u00e3o dezenas de semin\u00e1rios e rodas de conversa realizadas com a presen\u00e7a de sindicatos, organiza\u00e7\u00f5es da sociedade civil e entidades de classe, v\u00e1rios cursos de capacita\u00e7\u00e3o sobre direitos sociais, educa\u00e7\u00e3o n\u00e3o sexista, viol\u00eancia dom\u00e9stica e viol\u00eancia contra as mulheres, pol\u00edticas\u00a0p\u00fablicas, sa\u00fade integral das mulheres e outros assuntos, oferecidos nas mais diversas localidades do Rio de Janeiro.<\/p>\n<p>Durante sua trajet\u00f3ria, consolidou um papel relevante no movimento de mulheres e no movimento feminista n\u00e3o s\u00f3 no Rio de Janeiro, como para todo o Brasil. Integrou as comiss\u00f5es organizadoras de todas as Confer\u00eancias Municipais de Pol\u00edticas para as Mulheres do Rio de Janeiro, teve assento no Conselho Nacional dos Direitos da Mulher, representando a Marcha Mundial de Mulheres, contribuiu ativamente com os debates e a constru\u00e7\u00e3o de propostas das Confer\u00eancias Municipais e Livres de Juventude, Sa\u00fade, Cultura, Educa\u00e7\u00e3o e outras. Participou ativamente da constru\u00e7\u00e3o e articula\u00e7\u00e3o de centenas de manifesta\u00e7\u00f5es p\u00fablicas organizadas, em articula\u00e7\u00e3o com outras organiza\u00e7\u00f5es de mulheres e da sociedade civil, nas datas de luta das mulheres, destacando-se o 8 de Mar\u00e7o &#8211; Dia Internacional da Mulher e 25 de Novembro &#8211; Dia Internacional de luta pelo fim da viol\u00eancia contra as mulheres.<\/p>\n<p>Nos \u00faltimo anos, a CAMTRA se consolidou tamb\u00e9m no cen\u00e1rio nacional por sua atua\u00e7\u00e3o ligada \u00e0 sustentabilidade das organiza\u00e7\u00f5es da Sociedade Civil e participou ativamente da aprova\u00e7\u00e3o da Lei 13.019\/2014 do Marco Regulat\u00f3rio das Organiza\u00e7\u00f5es da Sociedade Civil. A CAMTRA tamb\u00e9m comp\u00f4s de 2016 at\u00e9 2021 a Dire\u00e7\u00e3o Executiva Nacional da ABONG &#8211; Associa\u00e7\u00e3o Brasileira de Ongs e a Secretaria Executiva da Plataforma das Organiza\u00e7\u00f5es da Sociedade Civil.[\/vc_column_text][\/vc_column][vc_column width=&#8221;1\/3&#8243;][vc_single_image image=&#8221;7574&#8243; img_size=&#8221;full&#8221; alignment=&#8221;center&#8221; onclick=&#8221;link_image&#8221; el_class=&#8221;visible-desktop visible-tablet hidden-phone&#8221;][vc_column_text el_id=&#8221;depoimento-fundadora&#8221; css=&#8221;.vc_custom_1542233382301{padding-top: 40px !important;padding-right: 20px !important;padding-bottom: 20px !important;padding-left: 20px !important;background-color: #a84b77 !important;}&#8221;]<\/p>\n<h2 style=\"color: #fff; font-size: 100px; line-height: 24px; margin-bottom: 0;\">&#8220;<\/h2>\n<p style=\"color: #fff;\">Eu tinha tr\u00eas filhas, morava numa meia \u00e1gua em Campo Grande, era militante e dava aulas numa escola particular. Eu precisava sair pra trabalhar, e tamb\u00e9m acreditava na revolu\u00e7\u00e3o. Eu queria fazer a revolu\u00e7\u00e3o socialista e feminista. Ent\u00e3o onde, com quem eu ia deixar as minhas filhas pra fazer tudo isso? Minha maior revolu\u00e7\u00e3o era conseguir criar minhas filhas. Foi ent\u00e3o que eu me deparei com a falta de pol\u00edticas p\u00fablicas para as mulheres, e decidi fundar a Casa da Mulher Trabalhadora.<\/p>\n<h2 style=\"text-align: right; color: #fff; font-size: 100px; line-height: 24px; margin-bottom: 0;\">\u201d<\/h2>\n<p style=\"font-size: 16px; text-align: right; color: #fff;\"><strong>Eleuteria Amora<\/strong><\/p>\n<p>[\/vc_column_text][\/vc_column][\/vc_row]<\/p>\n","protected":false},"excerpt":{"rendered":"<p>[vc_row css=&#8221;.vc_custom_1539736165337{background: #eeee22 url(https:\/\/camtra.org.br\/wp-content\/uploads\/2018\/10\/sobre-o-camtra.jpg?id=926) !important;background-position: center !important;background-repeat: no-repeat !important;background-size: cover !important;}&#8221;][vc_column][vc_empty_space height=&#8221;410&#8243;][\/vc_column][\/vc_row][vc_row][vc_column][vc_empty_space height=&#8221;40&#8243;][\/vc_column][\/vc_row][vc_row][vc_column width=&#8221;2\/3&#8243;][vc_column_text] MISS\u00c3O Fundada em 1997, a CAMTRA \u00e9 uma organiza\u00e7\u00e3o feminista, que tem como miss\u00e3o ir ao [&hellip;]<\/p>\n","protected":false},"author":3,"featured_media":0,"parent":303,"menu_order":31,"comment_status":"closed","ping_status":"closed","template":"","meta":{"om_disable_all_campaigns":false,"_uf_show_specific_survey":0,"_uf_disable_surveys":false,"ocean_post_layout":"","ocean_both_sidebars_style":"","ocean_both_sidebars_content_width":0,"ocean_both_sidebars_sidebars_width":0,"ocean_sidebar":"","ocean_second_sidebar":"","ocean_disable_margins":"enable","ocean_add_body_class":"","ocean_shortcode_before_top_bar":"","ocean_shortcode_after_top_bar":"","ocean_shortcode_before_header":"","ocean_shortcode_after_header":"","ocean_has_shortcode":"","ocean_shortcode_after_title":"","ocean_shortcode_before_footer_widgets":"","ocean_shortcode_after_footer_widgets":"","ocean_shortcode_before_footer_bottom":"","ocean_shortcode_after_footer_bottom":"","ocean_display_top_bar":"default","ocean_display_header":"default","ocean_header_style":"","ocean_center_header_left_menu":"","ocean_custom_header_template":"","ocean_custom_logo":0,"ocean_custom_retina_logo":0,"ocean_custom_logo_max_width":0,"ocean_custom_logo_tablet_max_width":0,"ocean_custom_logo_mobile_max_width":0,"ocean_custom_logo_max_height":0,"ocean_custom_logo_tablet_max_height":0,"ocean_custom_logo_mobile_max_height":0,"ocean_header_custom_menu":"","ocean_menu_typo_font_family":"","ocean_menu_typo_font_subset":"","ocean_menu_typo_font_size":0,"ocean_menu_typo_font_size_tablet":0,"ocean_menu_typo_font_size_mobile":0,"ocean_menu_typo_font_size_unit":"px","ocean_menu_typo_font_weight":"","ocean_menu_typo_font_weight_tablet":"","ocean_menu_typo_font_weight_mobile":"","ocean_menu_typo_transform":"","ocean_menu_typo_transform_tablet":"","ocean_menu_typo_transform_mobile":"","ocean_menu_typo_line_height":0,"ocean_menu_typo_line_height_tablet":0,"ocean_menu_typo_line_height_mobile":0,"ocean_menu_typo_line_height_unit":"","ocean_menu_typo_spacing":0,"ocean_menu_typo_spacing_tablet":0,"ocean_menu_typo_spacing_mobile":0,"ocean_menu_typo_spacing_unit":"","ocean_menu_link_color":"","ocean_menu_link_color_hover":"","ocean_menu_link_color_active":"","ocean_menu_link_background":"","ocean_menu_link_hover_background":"","ocean_menu_link_active_background":"","ocean_menu_social_links_bg":"","ocean_menu_social_hover_links_bg":"","ocean_menu_social_links_color":"","ocean_menu_social_hover_links_color":"","ocean_disable_title":"default","ocean_disable_heading":"default","ocean_post_title":"","ocean_post_subheading":"","ocean_post_title_style":"","ocean_post_title_background_color":"","ocean_post_title_background":0,"ocean_post_title_bg_image_position":"","ocean_post_title_bg_image_attachment":"","ocean_post_title_bg_image_repeat":"","ocean_post_title_bg_image_size":"","ocean_post_title_height":0,"ocean_post_title_bg_overlay":0.5,"ocean_post_title_bg_overlay_color":"","ocean_disable_breadcrumbs":"default","ocean_breadcrumbs_color":"","ocean_breadcrumbs_separator_color":"","ocean_breadcrumbs_links_color":"","ocean_breadcrumbs_links_hover_color":"","ocean_display_footer_widgets":"default","ocean_display_footer_bottom":"default","ocean_custom_footer_template":"","footnotes":""},"class_list":["post-301","page","type-page","status-publish","hentry","entry"],"_links":{"self":[{"href":"https:\/\/camtra.org.br\/index.php\/wp-json\/wp\/v2\/pages\/301","targetHints":{"allow":["GET"]}}],"collection":[{"href":"https:\/\/camtra.org.br\/index.php\/wp-json\/wp\/v2\/pages"}],"about":[{"href":"https:\/\/camtra.org.br\/index.php\/wp-json\/wp\/v2\/types\/page"}],"author":[{"embeddable":true,"href":"https:\/\/camtra.org.br\/index.php\/wp-json\/wp\/v2\/users\/3"}],"replies":[{"embeddable":true,"href":"https:\/\/camtra.org.br\/index.php\/wp-json\/wp\/v2\/comments?post=301"}],"version-history":[{"count":0,"href":"https:\/\/camtra.org.br\/index.php\/wp-json\/wp\/v2\/pages\/301\/revisions"}],"up":[{"embeddable":true,"href":"https:\/\/camtra.org.br\/index.php\/wp-json\/wp\/v2\/pages\/303"}],"wp:attachment":[{"href":"https:\/\/camtra.org.br\/index.php\/wp-json\/wp\/v2\/media?parent=301"}],"curies":[{"name":"wp","href":"https:\/\/api.w.org\/{rel}","templated":true}]}}