{"id":342,"date":"2018-10-05T20:43:03","date_gmt":"2018-10-05T23:43:03","guid":{"rendered":"https:\/\/camtra.org.br\/?page_id=342"},"modified":"2018-10-05T20:43:03","modified_gmt":"2018-10-05T23:43:03","slug":"doacao-mensal","status":"publish","type":"page","link":"https:\/\/camtra.org.br\/index.php\/doacao\/doacao-mensal\/","title":{"rendered":"Doa\u00e7\u00e3o mensal"},"content":{"rendered":"<div id=\"fb-root\"><\/div>\n<p>[vc_row][vc_column width=&#8221;2\/3&#8243;][vc_column_text]<\/p>\n<p style=\"font-weight: 400;\">Todas as atividades da CAMTRA &#8211; Casa da Mulher Trabalhadora &#8211; s\u00f3 s\u00e3o poss\u00edveis gra\u00e7as ao apoio de nossas parcerias, associadas e colaboradoras. A CAMTRA \u00e9 uma institui\u00e7\u00e3o feminista feita por mulheres que dedicam suas vidas \u00e0 luta pelos direitos das mulheres. Em tempos de perigosos retrocessos pol\u00edticos, a continuidade de nosso trabalho se mostra, ao mesmo tempo, vital e desafiadora. Porque acreditamos n\u00e3o s\u00f3 na urg\u00eancia, mas, principalmente, na for\u00e7a da luta feminista, convidamos todas a se unirem \u00e0 CAMTRA para construirmos juntas os pr\u00f3ximos passos dessa hist\u00f3ria.<br \/>\n<strong>Apoie a luta feminista, colabore com a CAMTRA!<\/strong><\/p>\n<p>[\/vc_column_text][vc_btn title=&#8221;Fa\u00e7a uma contribui\u00e7\u00e3o pontual para a CAMTRA e tenha direito a brindes tem\u00e1ticos&#8221; color=&#8221;pink&#8221; align=&#8221;left&#8221; link=&#8221;url:https%3A%2F%2Fcamtra.org.br%2Fdoacao%2Fdoacao-pontual%2F|||&#8221;][vc_column_text]<\/p>\n<h3 style=\"font-weight: 400;\"><b><strong>CONTRIBUA MENSALMENTE<\/strong><\/b><b><\/b><\/h3>\n<p>[\/vc_column_text][\/vc_column][vc_column width=&#8221;1\/3&#8243;][vc_single_image image=&#8221;4247&#8243; img_size=&#8221;full&#8221; alignment=&#8221;center&#8221;][\/vc_column][\/vc_row][vc_row][vc_column][vc_row_inner css=&#8221;.vc_custom_1539029543949{margin-top: 30px !important;}&#8221;][vc_column_inner width=&#8221;1\/3&#8243;][vc_column_text]<\/p>\n<h6><strong>FA\u00c7A UMA ASSINATURA<br \/>\n<\/strong><strong>DE\u00a0R$ 10,00 \/ M\u00caS<\/strong><\/h6>\n<p>[\/vc_column_text][vc_raw_html]JTNDJTIxLS0lMjBJTklDSU8lMjBGT1JNVUxBUklPJTIwQk9UQU8lMjBQQUdTRUdVUk8lMjAtLSUzRSUzQ2Zvcm0lMjBhY3Rpb24lM0QlMjJodHRwcyUzQSUyRiUyRnBhZ3NlZ3Vyby51b2wuY29tLmJyJTJGcHJlLWFwcHJvdmFscyUyRnJlcXVlc3QuaHRtbCUyMiUyMG1ldGhvZCUzRCUyMnBvc3QlMjIlM0UlM0MlMjEtLSUyME4lQzMlODNPJTIwRURJVEUlMjBPUyUyMENPTUFORE9TJTIwREFTJTIwTElOSEFTJTIwQUJBSVhPJTIwLS0lM0UlMjAlM0NpbnB1dCUyMG5hbWUlM0QlMjJjb2RlJTIyJTIwdHlwZSUzRCUyMmhpZGRlbiUyMiUyMHZhbHVlJTNEJTIyNDM1M0U5NUFDMEMwM0VCQUE0RjNCRkE1OTNGQ0NCMzQlMjIlMjAlMkYlM0UlMjAlM0NpbnB1dCUyMG5hbWUlM0QlMjJpb3QlMjIlMjB0eXBlJTNEJTIyaGlkZGVuJTIyJTIwdmFsdWUlM0QlMjJidXR0b24lMjIlMjAlMkYlM0UlMjAlM0NpbnB1dCUyMGFsdCUzRCUyMlBhZ3VlJTIwY29tJTIwUGFnU2VndXJvJTIwLSUyMCVDMyVBOSUyMHIlQzMlQTFwaWRvJTJDJTIwZ3IlQzMlQTF0aXMlMjBlJTIwc2VndXJvJTIxJTIyJTIwbmFtZSUzRCUyMnN1Ym1pdCUyMiUyMHNyYyUzRCUyMmh0dHBzJTNBJTJGJTJGc3RjLnBhZ3NlZ3Vyby51b2wuY29tLmJyJTJGcHVibGljJTJGaW1nJTJGYm90b2VzJTJGYXNzaW5hdHVyYXMlMkYxMjB4NTMtY29udHJhdGFyLXJveG8uZ2lmJTIyJTIwdHlwZSUzRCUyMmltYWdlJTIyJTIwJTJGJTNFJTNDJTJGZm9ybSUzRSUzQyUyMS0tJTIwRklOQUwlMjBGT1JNVUxBUklPJTIwQk9UQU8lMjBQQUdTRUdVUk8lMjAtLSUzRQ==[\/vc_raw_html][\/vc_column_inner][vc_column_inner width=&#8221;1\/3&#8243;][vc_column_text]<\/p>\n<h6><strong>FA\u00c7A UMA ASSINATURA<br \/>\n<\/strong><strong>DE\u00a0R$ 20,00 \/ M\u00caS<\/strong><\/h6>\n<p>[\/vc_column_text][vc_raw_html]JTNDJTIxLS0lMjBJTklDSU8lMjBGT1JNVUxBUklPJTIwQk9UQU8lMjBQQUdTRUdVUk8lMjAtLSUzRSUzQ2Zvcm0lMjBhY3Rpb24lM0QlMjJodHRwcyUzQSUyRiUyRnBhZ3NlZ3Vyby51b2wuY29tLmJyJTJGcHJlLWFwcHJvdmFscyUyRnJlcXVlc3QuaHRtbCUyMiUyMG1ldGhvZCUzRCUyMnBvc3QlMjIlM0UlM0MlMjEtLSUyME4lQzMlODNPJTIwRURJVEUlMjBPUyUyMENPTUFORE9TJTIwREFTJTIwTElOSEFTJTIwQUJBSVhPJTIwLS0lM0UlMjAlM0NpbnB1dCUyMG5hbWUlM0QlMjJjb2RlJTIyJTIwdHlwZSUzRCUyMmhpZGRlbiUyMiUyMHZhbHVlJTNEJTIyRUE0QzJEMThDNkM2QjRGODg0M0Y2RjgyNURFRkY4QkElMjIlMjAlMkYlM0UlMjAlM0NpbnB1dCUyMG5hbWUlM0QlMjJpb3QlMjIlMjB0eXBlJTNEJTIyaGlkZGVuJTIyJTIwdmFsdWUlM0QlMjJidXR0b24lMjIlMjAlMkYlM0UlMjAlM0NpbnB1dCUyMGFsdCUzRCUyMlBhZ3VlJTIwY29tJTIwUGFnU2VndXJvJTIwLSUyMCVDMyVBOSUyMHIlQzMlQTFwaWRvJTJDJTIwZ3IlQzMlQTF0aXMlMjBlJTIwc2VndXJvJTIxJTIyJTIwbmFtZSUzRCUyMnN1Ym1pdCUyMiUyMHNyYyUzRCUyMmh0dHBzJTNBJTJGJTJGc3RjLnBhZ3NlZ3Vyby51b2wuY29tLmJyJTJGcHVibGljJTJGaW1nJTJGYm90b2VzJTJGYXNzaW5hdHVyYXMlMkYxMjB4NTMtY29udHJhdGFyLXJveG8uZ2lmJTIyJTIwdHlwZSUzRCUyMmltYWdlJTIyJTIwJTJGJTNFJTNDJTJGZm9ybSUzRSUzQyUyMS0tJTIwRklOQUwlMjBGT1JNVUxBUklPJTIwQk9UQU8lMjBQQUdTRUdVUk8lMjAtLSUzRQ==[\/vc_raw_html][\/vc_column_inner][vc_column_inner width=&#8221;1\/3&#8243;][vc_column_text]<\/p>\n<h6><strong>FA\u00c7A UMA ASSINATURA<br \/>\n<\/strong><strong>DE\u00a0R$ 30,00 \/ M\u00caS<\/strong><\/h6>\n<p>[\/vc_column_text][vc_raw_html]JTNDJTIxLS0lMjBJTklDSU8lMjBGT1JNVUxBUklPJTIwQk9UQU8lMjBQQUdTRUdVUk8lMjAtLSUzRSUzQ2Zvcm0lMjBhY3Rpb24lM0QlMjJodHRwcyUzQSUyRiUyRnBhZ3NlZ3Vyby51b2wuY29tLmJyJTJGdjIlMkZwcmUtYXBwcm92YWxzJTJGcmVxdWVzdC5odG1sJTIyJTIwbWV0aG9kJTNEJTIycG9zdCUyMiUzRSUzQyUyMS0tJTIwTiVDMyU4M08lMjBFRElURSUyME9TJTIwQ09NQU5ET1MlMjBEQVMlMjBMSU5IQVMlMjBBQkFJWE8lMjAtLSUzRSUzQ2lucHV0JTIwbmFtZSUzRCUyMmNvZGUlMjIlMjB0eXBlJTNEJTIyaGlkZGVuJTIyJTIwdmFsdWUlM0QlMjI5MjA3ODE3Q0MxQzFCMTJERDRBMDNGQTcwQUVGMjJEOCUyMiUyMCUyRiUzRSUzQ2lucHV0JTIwYWx0JTNEJTIyUGFndWUlMjBjb20lMjBQYWdTZWd1cm8lMjAtJTIwJUMzJUE5JTIwciVDMyVBMXBpZG8lMkMlMjBnciVDMyVBMXRpcyUyMGUlMjBzZWd1cm8lMjElMjIlMjBuYW1lJTNEJTIyc3VibWl0JTIyJTIwc3JjJTNEJTIyaHR0cHMlM0ElMkYlMkZzdGMucGFnc2VndXJvLnVvbC5jb20uYnIlMkZwdWJsaWMlMkZpbWclMkZib3RvZXMlMkZhc3NpbmF0dXJhcyUyRjEyMHg1My1hc3NpbmFyLXJveG8uZ2lmJTIyJTIwdHlwZSUzRCUyMmltYWdlJTIyJTIwJTJGJTNFJTNDJTJGZm9ybSUzRSUzQyUyMS0tJTIwRklOQUwlMjBGT1JNVUxBUklPJTIwQk9UQU8lMjBQQUdTRUdVUk8lMjAtLSUzRQ==[\/vc_raw_html][\/vc_column_inner][\/vc_row_inner][vc_row_inner css=&#8221;.vc_custom_1539029532702{margin-top: 30px !important;}&#8221;][vc_column_inner width=&#8221;1\/3&#8243;][vc_column_text]<\/p>\n<h6><strong>FA\u00c7A UMA ASSINATURA<br \/>\n<\/strong><strong>DE\u00a0R$ 50,00 \/ M\u00caS<\/strong><\/h6>\n<p>[\/vc_column_text][vc_raw_html]JTNDJTIxLS0lMjBJTklDSU8lMjBGT1JNVUxBUklPJTIwQk9UQU8lMjBQQUdTRUdVUk8lMjAtLSUzRSUzQ2Zvcm0lMjBhY3Rpb24lM0QlMjJodHRwcyUzQSUyRiUyRnBhZ3NlZ3Vyby51b2wuY29tLmJyJTJGdjIlMkZwcmUtYXBwcm92YWxzJTJGcmVxdWVzdC5odG1sJTIyJTIwbWV0aG9kJTNEJTIycG9zdCUyMiUzRSUzQyUyMS0tJTIwTiVDMyU4M08lMjBFRElURSUyME9TJTIwQ09NQU5ET1MlMjBEQVMlMjBMSU5IQVMlMjBBQkFJWE8lMjAtLSUzRSUzQ2lucHV0JTIwbmFtZSUzRCUyMmNvZGUlMjIlMjB0eXBlJTNEJTIyaGlkZGVuJTIyJTIwdmFsdWUlM0QlMjJCODQ1ODMxRDA0MDRBODFDQzQwMkFGQUM2RDdFRTUwQSUyMiUyMCUyRiUzRSUzQ2lucHV0JTIwYWx0JTNEJTIyUGFndWUlMjBjb20lMjBQYWdTZWd1cm8lMjAtJTIwJUMzJUE5JTIwciVDMyVBMXBpZG8lMkMlMjBnciVDMyVBMXRpcyUyMGUlMjBzZWd1cm8lMjElMjIlMjBuYW1lJTNEJTIyc3VibWl0JTIyJTIwc3JjJTNEJTIyaHR0cHMlM0ElMkYlMkZzdGMucGFnc2VndXJvLnVvbC5jb20uYnIlMkZwdWJsaWMlMkZpbWclMkZib3RvZXMlMkZhc3NpbmF0dXJhcyUyRjEyMHg1My1hc3NpbmFyLXJveG8uZ2lmJTIyJTIwdHlwZSUzRCUyMmltYWdlJTIyJTIwJTJGJTNFJTNDJTJGZm9ybSUzRSUzQyUyMS0tJTIwRklOQUwlMjBGT1JNVUxBUklPJTIwQk9UQU8lMjBQQUdTRUdVUk8lMjAtLSUzRQ==[\/vc_raw_html][\/vc_column_inner][vc_column_inner width=&#8221;1\/3&#8243;][vc_column_text]<\/p>\n<h6><strong>FA\u00c7A UMA ASSINATURA<br \/>\n<\/strong><strong>DE\u00a0R$ 100,00 \/ M\u00caS<\/strong><\/h6>\n<p>[\/vc_column_text][vc_raw_html]JTNDZm9ybSUyMGFjdGlvbiUzRCUyMmh0dHBzJTNBJTJGJTJGcGFnc2VndXJvLnVvbC5jb20uYnIlMkZwcmUtYXBwcm92YWxzJTJGcmVxdWVzdC5odG1sJTIyJTIwbWV0aG9kJTNEJTIycG9zdCUyMiUzRSUzQyUyMS0tJTIwTiVDMyU4M08lMjBFRElURSUyME9TJTIwQ09NQU5ET1MlMjBEQVMlMjBMSU5IQVMlMjBBQkFJWE8lMjAtLSUzRSUzQ2lucHV0JTIwbmFtZSUzRCUyMmNvZGUlMjIlMjB0eXBlJTNEJTIyaGlkZGVuJTIyJTIwdmFsdWUlM0QlMjJBNjVERTM5NUUwRTBBRUY4ODQ1MUNGQjI3NjlDREEwMiUyMiUyMCUyRiUzRSUyMCUzQ2lucHV0JTIwbmFtZSUzRCUyMmlvdCUyMiUyMHR5cGUlM0QlMjJoaWRkZW4lMjIlMjB2YWx1ZSUzRCUyMmJ1dHRvbiUyMiUyMCUyRiUzRSUyMCUzQ2lucHV0JTIwYWx0JTNEJTIyUGFndWUlMjBjb20lMjBQYWdTZWd1cm8lMjAtJTIwJUMzJUE5JTIwciVDMyVBMXBpZG8lMkMlMjBnciVDMyVBMXRpcyUyMGUlMjBzZWd1cm8lMjElMjIlMjBuYW1lJTNEJTIyc3VibWl0JTIyJTIwc3JjJTNEJTIyaHR0cHMlM0ElMkYlMkZzdGMucGFnc2VndXJvLnVvbC5jb20uYnIlMkZwdWJsaWMlMkZpbWclMkZib3RvZXMlMkZhc3NpbmF0dXJhcyUyRjEyMHg1My1hc3NpbmFyLXJveG8uZ2lmJTIyJTIwdHlwZSUzRCUyMmltYWdlJTIyJTIwJTJGJTNFJTNDJTJGZm9ybSUzRSUzQyUyMS0tJTIwRklOQUwlMjBGT1JNVUxBUklPJTIwQk9UQU8lMjBQQUdTRUdVUk8lMjAtLSUzRQ==[\/vc_raw_html][\/vc_column_inner][vc_column_inner width=&#8221;1\/3&#8243;][vc_column_text]<\/p>\n<h6><strong>OU FA\u00c7A UMA DOA\u00c7\u00c3O<br \/>\nDE OUTRO VALOR<\/strong><\/h6>\n<p>[\/vc_column_text][vc_raw_html]JTNDJTIxLS0lMjBJTklDSU8lMjBGT1JNVUxBUklPJTIwQk9UQU8lMjBQQUdTRUdVUk8lMjAtLSUzRSUwQSUzQ2Zvcm0lMjBpZCUzRCUyMnBhZ3NlZ3Vyby1ib3RhbyUyMiUyMGFjdGlvbiUzRCUyMmh0dHBzJTNBJTJGJTJGcGFnc2VndXJvLnVvbC5jb20uYnIlMkZjaGVja291dCUyRnYyJTJGZG9uYXRpb24uaHRtbCUyMiUyMG1ldGhvZCUzRCUyMnBvc3QlMjIlM0UlMEElM0MlMjEtLSUyME4lQzMlODNPJTIwRURJVEUlMjBPUyUyMENPTUFORE9TJTIwREFTJTIwTElOSEFTJTIwQUJBSVhPJTIwLS0lM0UlM0NpbnB1dCUyMG5hbWUlM0QlMjJjdXJyZW5jeSUyMiUyMHR5cGUlM0QlMjJoaWRkZW4lMjIlMjB2YWx1ZSUzRCUyMkJSTCUyMiUyMCUyRiUzRSUzQ2lucHV0JTIwbmFtZSUzRCUyMnJlY2VpdmVyRW1haWwlMjIlMjB0eXBlJTNEJTIyaGlkZGVuJTIyJTIwdmFsdWUlM0QlMjJjYW10cmElNDBjYW10cmEub3JnLmJyJTIyJTIwJTJGJTNFJTNDaW5wdXQlMjBhbHQlM0QlMjJQYWd1ZSUyMGNvbSUyMFBhZ1NlZ3VybyUyMC0lMjAlQzMlQTklMjByJUMzJUExcGlkbyUyQyUyMGdyJUMzJUExdGlzJTIwZSUyMHNlZ3VybyUyMSUyMiUyMG5hbWUlM0QlMjJzdWJtaXQlMjIlMjBzcmMlM0QlMjJodHRwcyUzQSUyRiUyRnN0Yy5wYWdzZWd1cm8udW9sLmNvbS5iciUyRnB1YmxpYyUyRmltZyUyRmJvdG9lcyUyRmRvYWNvZXMlMkYxMjB4NTMtZG9hci1yb3hvLmdpZiUyMiUyMHR5cGUlM0QlMjJpbWFnZSUyMiUyMCUyRiUzRSUzQyUyRnAlM0UlMEElM0NwJTNFJTI2bmJzcCUzQiUzQyUyRnAlM0UlMEElM0MlMkZmb3JtJTNF[\/vc_raw_html][\/vc_column_inner][\/vc_row_inner][\/vc_column][vc_column][\/vc_column][\/vc_row]<\/p>\n","protected":false},"excerpt":{"rendered":"<p>[vc_row][vc_column width=&#8221;2\/3&#8243;][vc_column_text] Todas as atividades da CAMTRA &#8211; Casa da Mulher Trabalhadora &#8211; s\u00f3 s\u00e3o poss\u00edveis gra\u00e7as ao apoio de nossas parcerias, associadas e colaboradoras. A CAMTRA \u00e9 uma institui\u00e7\u00e3o [&hellip;]<\/p>\n","protected":false},"author":3,"featured_media":0,"parent":340,"menu_order":310,"comment_status":"closed","ping_status":"closed","template":"","meta":{"om_disable_all_campaigns":false,"_uf_show_specific_survey":0,"_uf_disable_surveys":false,"ocean_post_layout":"","ocean_both_sidebars_style":"","ocean_both_sidebars_content_width":0,"ocean_both_sidebars_sidebars_width":0,"ocean_sidebar":"","ocean_second_sidebar":"","ocean_disable_margins":"enable","ocean_add_body_class":"","ocean_shortcode_before_top_bar":"","ocean_shortcode_after_top_bar":"","ocean_shortcode_before_header":"","ocean_shortcode_after_header":"","ocean_has_shortcode":"","ocean_shortcode_after_title":"","ocean_shortcode_before_footer_widgets":"","ocean_shortcode_after_footer_widgets":"","ocean_shortcode_before_footer_bottom":"","ocean_shortcode_after_footer_bottom":"","ocean_display_top_bar":"default","ocean_display_header":"default","ocean_header_style":"","ocean_center_header_left_menu":"","ocean_custom_header_template":"","ocean_custom_logo":0,"ocean_custom_retina_logo":0,"ocean_custom_logo_max_width":0,"ocean_custom_logo_tablet_max_width":0,"ocean_custom_logo_mobile_max_width":0,"ocean_custom_logo_max_height":0,"ocean_custom_logo_tablet_max_height":0,"ocean_custom_logo_mobile_max_height":0,"ocean_header_custom_menu":"","ocean_menu_typo_font_family":"","ocean_menu_typo_font_subset":"","ocean_menu_typo_font_size":0,"ocean_menu_typo_font_size_tablet":0,"ocean_menu_typo_font_size_mobile":0,"ocean_menu_typo_font_size_unit":"px","ocean_menu_typo_font_weight":"","ocean_menu_typo_font_weight_tablet":"","ocean_menu_typo_font_weight_mobile":"","ocean_menu_typo_transform":"","ocean_menu_typo_transform_tablet":"","ocean_menu_typo_transform_mobile":"","ocean_menu_typo_line_height":0,"ocean_menu_typo_line_height_tablet":0,"ocean_menu_typo_line_height_mobile":0,"ocean_menu_typo_line_height_unit":"","ocean_menu_typo_spacing":0,"ocean_menu_typo_spacing_tablet":0,"ocean_menu_typo_spacing_mobile":0,"ocean_menu_typo_spacing_unit":"","ocean_menu_link_color":"","ocean_menu_link_color_hover":"","ocean_menu_link_color_active":"","ocean_menu_link_background":"","ocean_menu_link_hover_background":"","ocean_menu_link_active_background":"","ocean_menu_social_links_bg":"","ocean_menu_social_hover_links_bg":"","ocean_menu_social_links_color":"","ocean_menu_social_hover_links_color":"","ocean_disable_title":"default","ocean_disable_heading":"default","ocean_post_title":"","ocean_post_subheading":"","ocean_post_title_style":"","ocean_post_title_background_color":"","ocean_post_title_background":0,"ocean_post_title_bg_image_position":"","ocean_post_title_bg_image_attachment":"","ocean_post_title_bg_image_repeat":"","ocean_post_title_bg_image_size":"","ocean_post_title_height":0,"ocean_post_title_bg_overlay":0.5,"ocean_post_title_bg_overlay_color":"","ocean_disable_breadcrumbs":"default","ocean_breadcrumbs_color":"","ocean_breadcrumbs_separator_color":"","ocean_breadcrumbs_links_color":"","ocean_breadcrumbs_links_hover_color":"","ocean_display_footer_widgets":"default","ocean_display_footer_bottom":"default","ocean_custom_footer_template":"","footnotes":""},"class_list":["post-342","page","type-page","status-publish","hentry","entry"],"_links":{"self":[{"href":"https:\/\/camtra.org.br\/index.php\/wp-json\/wp\/v2\/pages\/342","targetHints":{"allow":["GET"]}}],"collection":[{"href":"https:\/\/camtra.org.br\/index.php\/wp-json\/wp\/v2\/pages"}],"about":[{"href":"https:\/\/camtra.org.br\/index.php\/wp-json\/wp\/v2\/types\/page"}],"author":[{"embeddable":true,"href":"https:\/\/camtra.org.br\/index.php\/wp-json\/wp\/v2\/users\/3"}],"replies":[{"embeddable":true,"href":"https:\/\/camtra.org.br\/index.php\/wp-json\/wp\/v2\/comments?post=342"}],"version-history":[{"count":0,"href":"https:\/\/camtra.org.br\/index.php\/wp-json\/wp\/v2\/pages\/342\/revisions"}],"up":[{"embeddable":true,"href":"https:\/\/camtra.org.br\/index.php\/wp-json\/wp\/v2\/pages\/340"}],"wp:attachment":[{"href":"https:\/\/camtra.org.br\/index.php\/wp-json\/wp\/v2\/media?parent=342"}],"curies":[{"name":"wp","href":"https:\/\/api.w.org\/{rel}","templated":true}]}}