{"id":3744,"date":"2019-10-24T16:19:01","date_gmt":"2019-10-24T18:19:01","guid":{"rendered":"https:\/\/camtra.org.br\/?page_id=3744"},"modified":"2019-10-24T16:19:01","modified_gmt":"2019-10-24T18:19:01","slug":"o-que-e-orientacao-sexual","status":"publish","type":"page","link":"https:\/\/camtra.org.br\/index.php\/o-que-e-orientacao-sexual\/","title":{"rendered":"O que \u00e9 Orienta\u00e7\u00e3o Sexual?"},"content":{"rendered":"<div id=\"fb-root\"><\/div>\n<p>[vc_row css=&#8221;.vc_custom_1541765860524{margin-bottom: 30px !important;background: #f3d8e5 url(https:\/\/camtra.org.br\/wp-content\/uploads\/2018\/11\/Defenda-se-banner-1.jpg?id=1354) !important;background-position: center !important;background-repeat: no-repeat !important;background-size: cover !important;}&#8221;][vc_column][vc_empty_space height=&#8221;140&#8243;][vc_column_text]<\/p>\n<h2 class=\"vc_custom_heading tit-cabeca-foto\"><a href=\"https:\/\/camtra.org.br\/defenda-se\/\">Defenda-se<\/a><\/h2>\n<p>[\/vc_column_text][vc_empty_space height=&#8221;140&#8243;][\/vc_column][\/vc_row][vc_row css=&#8221;.vc_custom_1541774721804{padding-top: 0px !important;}&#8221;][vc_column css=&#8221;.vc_custom_1543798889117{background-color: #dedede !important;}&#8221;][headline_subtitle title=&#8221;O que \u00e9 Orienta\u00e7\u00e3o Sexual?&#8221; subtitle=&#8221;Sexo \u00e9 o que somos biologicamente. O que nossos genes tra\u00e7am no nosso corpo. \u00c9 pura e simplesmente o que nos indica os \u00f3rg\u00e3os reprodutores em nosso corpo: p\u00eanis, homem e vagina, mulher. G\u00eanero \u00e9 uma constru\u00e7\u00e3o da sociedade. \u00c9 o que a sociedade diz sobre o que \u00e9 pr\u00f3prio do comportamento do Homem e o da Mulher. Orienta\u00e7\u00e3o sexual \u00e9 a escolha de cada sexo com quem ir\u00e3o se relacionar. Tem um grupo de pessoas que preferem namorar pessoas de outro sexo (heterossexuais); outras, preferem namorar pessoas de seu pr\u00f3prio sexo (homossexuais) e, por fim, t\u00eam pessoas que preferem ambos os sexos (bissexuais).&#8221;][vc_row_inner css=&#8221;.vc_custom_1541770215790{margin-bottom: 30px !important;}&#8221;][vc_column_inner width=&#8221;1\/2&#8243; offset=&#8221;vc_col-lg-4 vc_col-md-4 vc_hidden-xs&#8221; css=&#8221;.vc_custom_1588926101117{margin-left: 20px !important;}&#8221;][vc_empty_space height=&#8221;30&#8243;][vc_column_text][static_content id=&#8217;4891&#8242;][\/vc_column_text][\/vc_column_inner][vc_column_inner width=&#8221;1\/2&#8243; offset=&#8221;vc_col-lg-4 vc_col-md-4&#8243;][vc_column_text]<\/p>\n<h4>Voc\u00ea passou por uma situa\u00e7\u00e3o de LGBTFobia?<\/h4>\n<p>Viol\u00eancias contra a popula\u00e7\u00e3o LGBT est\u00e3o presentes nos diferentes grupos de conviv\u00eancia social e forma\u00e7\u00e3o de identidades. As ramifica\u00e7\u00f5es se fazem notar no meio familiar, nas escolas, na igreja, na rua, no posto de sa\u00fade, na m\u00eddia, nos ambientes de trabalho, nas for\u00e7as armadas, na justi\u00e7a, na pol\u00edcia, em diversas esferas do poder p\u00fablico e na falta de pol\u00edticas p\u00fablicas afirmativas que contemplem a comunidade LGBTT (Mott, 2006).<\/p>\n<p>Dentre os tipos de viol\u00eancia LGBTf\u00f3bica, podemos verificar as seguintes pr\u00e1ticas:<\/p>\n<p>&#8211; Viol\u00eancia f\u00edsica, agress\u00f5es, espancamentos<\/p>\n<p>&#8211; Cyberbullying, agress\u00f5es de cunho moral em forma de xingamentos e provoca\u00e7\u00f5es que buscam menosprezar e difamar. No caso da LGBTfobia, as difama\u00e7\u00f5es morais t\u00eam por objetivo atingir algu\u00e9m por ser l\u00e9sbica, gay, bissexual, pela identidade de g\u00eanero (mulheres e homens trans, travestis, n\u00e3o-bin\u00e1rios) ou pela sua express\u00e3o de g\u00eanero, quer dizer, pela forma como a sociedade que a conformidade dos g\u00eaneros.<\/p>\n<p>&#8211; Impedir ou dificultar acesso ou perman\u00eancia a emprego ou promo\u00e7\u00e3o na administra\u00e7\u00e3o p\u00fablica e\/ou empresas privadas ou em qualquer ramo das For\u00e7as Armadas;<\/p>\n<p>&#8211; Tratar as\/os empregadas\/os de forma diferenciada, quanto ao sal\u00e1rio, acesso a equipamentos e condi\u00e7\u00f5es necess\u00e1rias; entre outros;<\/p>\n<p>&#8211; Realizar an\u00fancios ou qualquer outra forma de divulga\u00e7\u00e3o de vagas com exig\u00eancias \u00e0 aspectos de apar\u00eancia pr\u00f3prios de ra\u00e7a ou etnia, salvo se as atividades justificarem essas exig\u00eancias;<\/p>\n<p>&#8211; Impedir acesso, perman\u00eancia e\/ou atendimento em estabelecimentos comerciais, escolas, hot\u00e9is, restaurantes, bares, estabelecimentos esportivos e recreativos, cabeleireiros, entradas sociais de edif\u00edcios e elevadores, uso de transportes p\u00fablicos;<\/p>\n<p>&#8211; Impedir ou criar obst\u00e1culos para realiza\u00e7\u00e3o de casamento ou conviv\u00eancia familiar e social;<\/p>\n<p>&#8211; Praticar, induzir ou incitar a discrimina\u00e7\u00e3o ou preconceito de ra\u00e7a, cor, etnia, religi\u00e3o ou proced\u00eancia nacional, incluindo a utiliza\u00e7\u00e3o de meios de comunica\u00e7\u00e3o social (r\u00e1dio, televis\u00e3o, internet etc.) ou publica\u00e7\u00e3o de qualquer natureza (livro, jornal, revista, folheto etc.).<\/p>\n<p>Se voc\u00ea passou ou por algumas dessas situa\u00e7\u00f5es de LGBTfobia, receba nossa solidariedade e saiba que n\u00e3o est\u00e1 sozinh@. Veja ao lado algumas informa\u00e7\u00f5es que podem te ajudar.<\/p>\n<p>[static_content id=&#8217;1759&#8242;][\/vc_column_text][\/vc_column_inner][vc_column_inner offset=&#8221;vc_col-lg-4 vc_col-md-4&#8243;][vc_empty_space height=&#8221;15&#8243;][vc_column_text][static_block id=&#8217;3713&#8242;][\/vc_column_text][\/vc_column_inner][\/vc_row_inner][\/vc_column][\/vc_row][vc_row css=&#8221;.vc_custom_1543799197314{margin-top: 40px !important;}&#8221;][vc_column css=&#8221;.vc_custom_1543799302994{background-color: #dedede !important;}&#8221;][vc_column_text][static_content id=&#8217;2040&#8242;][\/vc_column_text][\/vc_column][\/vc_row]<\/p>\n","protected":false},"excerpt":{"rendered":"<p>[vc_row css=&#8221;.vc_custom_1541765860524{margin-bottom: 30px !important;background: #f3d8e5 url(https:\/\/camtra.org.br\/wp-content\/uploads\/2018\/11\/Defenda-se-banner-1.jpg?id=1354) !important;background-position: center !important;background-repeat: no-repeat !important;background-size: cover !important;}&#8221;][vc_column][vc_empty_space height=&#8221;140&#8243;][vc_column_text] Defenda-se [\/vc_column_text][vc_empty_space height=&#8221;140&#8243;][\/vc_column][\/vc_row][vc_row css=&#8221;.vc_custom_1541774721804{padding-top: 0px !important;}&#8221;][vc_column css=&#8221;.vc_custom_1543798889117{background-color: #dedede !important;}&#8221;][headline_subtitle title=&#8221;O que \u00e9 Orienta\u00e7\u00e3o Sexual?&#8221; subtitle=&#8221;Sexo \u00e9 [&hellip;]<\/p>\n","protected":false},"author":3,"featured_media":0,"parent":0,"menu_order":200,"comment_status":"closed","ping_status":"closed","template":"","meta":{"om_disable_all_campaigns":false,"_uf_show_specific_survey":0,"_uf_disable_surveys":false,"ocean_post_layout":"","ocean_both_sidebars_style":"","ocean_both_sidebars_content_width":0,"ocean_both_sidebars_sidebars_width":0,"ocean_sidebar":"","ocean_second_sidebar":"","ocean_disable_margins":"enable","ocean_add_body_class":"","ocean_shortcode_before_top_bar":"","ocean_shortcode_after_top_bar":"","ocean_shortcode_before_header":"","ocean_shortcode_after_header":"","ocean_has_shortcode":"","ocean_shortcode_after_title":"","ocean_shortcode_before_footer_widgets":"","ocean_shortcode_after_footer_widgets":"","ocean_shortcode_before_footer_bottom":"","ocean_shortcode_after_footer_bottom":"","ocean_display_top_bar":"default","ocean_display_header":"default","ocean_header_style":"","ocean_center_header_left_menu":"","ocean_custom_header_template":"","ocean_custom_logo":0,"ocean_custom_retina_logo":0,"ocean_custom_logo_max_width":0,"ocean_custom_logo_tablet_max_width":0,"ocean_custom_logo_mobile_max_width":0,"ocean_custom_logo_max_height":0,"ocean_custom_logo_tablet_max_height":0,"ocean_custom_logo_mobile_max_height":0,"ocean_header_custom_menu":"","ocean_menu_typo_font_family":"","ocean_menu_typo_font_subset":"","ocean_menu_typo_font_size":0,"ocean_menu_typo_font_size_tablet":0,"ocean_menu_typo_font_size_mobile":0,"ocean_menu_typo_font_size_unit":"px","ocean_menu_typo_font_weight":"","ocean_menu_typo_font_weight_tablet":"","ocean_menu_typo_font_weight_mobile":"","ocean_menu_typo_transform":"","ocean_menu_typo_transform_tablet":"","ocean_menu_typo_transform_mobile":"","ocean_menu_typo_line_height":0,"ocean_menu_typo_line_height_tablet":0,"ocean_menu_typo_line_height_mobile":0,"ocean_menu_typo_line_height_unit":"","ocean_menu_typo_spacing":0,"ocean_menu_typo_spacing_tablet":0,"ocean_menu_typo_spacing_mobile":0,"ocean_menu_typo_spacing_unit":"","ocean_menu_link_color":"","ocean_menu_link_color_hover":"","ocean_menu_link_color_active":"","ocean_menu_link_background":"","ocean_menu_link_hover_background":"","ocean_menu_link_active_background":"","ocean_menu_social_links_bg":"","ocean_menu_social_hover_links_bg":"","ocean_menu_social_links_color":"","ocean_menu_social_hover_links_color":"","ocean_disable_title":"default","ocean_disable_heading":"default","ocean_post_title":"","ocean_post_subheading":"","ocean_post_title_style":"","ocean_post_title_background_color":"","ocean_post_title_background":0,"ocean_post_title_bg_image_position":"","ocean_post_title_bg_image_attachment":"","ocean_post_title_bg_image_repeat":"","ocean_post_title_bg_image_size":"","ocean_post_title_height":0,"ocean_post_title_bg_overlay":0.5,"ocean_post_title_bg_overlay_color":"","ocean_disable_breadcrumbs":"default","ocean_breadcrumbs_color":"","ocean_breadcrumbs_separator_color":"","ocean_breadcrumbs_links_color":"","ocean_breadcrumbs_links_hover_color":"","ocean_display_footer_widgets":"default","ocean_display_footer_bottom":"default","ocean_custom_footer_template":"","footnotes":""},"class_list":["post-3744","page","type-page","status-publish","hentry","entry"],"_links":{"self":[{"href":"https:\/\/camtra.org.br\/index.php\/wp-json\/wp\/v2\/pages\/3744","targetHints":{"allow":["GET"]}}],"collection":[{"href":"https:\/\/camtra.org.br\/index.php\/wp-json\/wp\/v2\/pages"}],"about":[{"href":"https:\/\/camtra.org.br\/index.php\/wp-json\/wp\/v2\/types\/page"}],"author":[{"embeddable":true,"href":"https:\/\/camtra.org.br\/index.php\/wp-json\/wp\/v2\/users\/3"}],"replies":[{"embeddable":true,"href":"https:\/\/camtra.org.br\/index.php\/wp-json\/wp\/v2\/comments?post=3744"}],"version-history":[{"count":0,"href":"https:\/\/camtra.org.br\/index.php\/wp-json\/wp\/v2\/pages\/3744\/revisions"}],"wp:attachment":[{"href":"https:\/\/camtra.org.br\/index.php\/wp-json\/wp\/v2\/media?parent=3744"}],"curies":[{"name":"wp","href":"https:\/\/api.w.org\/{rel}","templated":true}]}}