{"id":9590,"date":"2024-01-09T17:40:48","date_gmt":"2024-01-09T17:40:48","guid":{"rendered":"https:\/\/novo2023.camtra.org.br\/?page_id=9590"},"modified":"2024-07-12T12:51:28","modified_gmt":"2024-07-12T12:51:28","slug":"nossos-projetos","status":"publish","type":"page","link":"https:\/\/camtra.org.br\/index.php\/nossos-projetos\/","title":{"rendered":"Nossos Projetos"},"content":{"rendered":"<div id=\"fb-root\"><\/div>\n\t\t<div data-elementor-type=\"wp-page\" data-elementor-id=\"9590\" class=\"elementor elementor-9590\">\n\t\t\t\t<div class=\"elementor-element elementor-element-d58a395 e-con-full e-flex elementor-invisible e-con e-parent\" data-id=\"d58a395\" data-element_type=\"container\" data-e-type=\"container\" data-settings=\"{&quot;animation&quot;:&quot;fadeIn&quot;}\">\n\t\t\t\t<div class=\"elementor-element elementor-element-5ea1e9c elementor-widget__width-inherit exad-sticky-section-no exad-glass-effect-no elementor-widget elementor-widget-image\" data-id=\"5ea1e9c\" data-element_type=\"widget\" data-e-type=\"widget\" data-widget_type=\"image.default\">\n\t\t\t\t<div class=\"elementor-widget-container\">\n\t\t\t\t\t\t\t\t\t\t\t\t<figure class=\"wp-caption\">\n\t\t\t\t\t\t\t\t\t\t<img decoding=\"async\" src=\"https:\/\/camtra.org.br\/wp-content\/uploads\/2024\/05\/CCS_9727-1-1-scaled.jpg\" title=\"CCS_9727 (1)\" alt=\"CCS_9727 (1)\" loading=\"lazy\" \/>\t\t\t\t\t\t\t\t\t\t\t<figcaption class=\"widget-image-caption wp-caption-text\"><\/figcaption>\n\t\t\t\t\t\t\t\t\t\t<\/figure>\n\t\t\t\t\t\t\t\t\t<\/div>\n\t\t\t\t<\/div>\n\t\t\t\t<\/div>\n\t\t<div class=\"elementor-element elementor-element-5f7e52c e-flex e-con-boxed e-con e-parent\" data-id=\"5f7e52c\" data-element_type=\"container\" data-e-type=\"container\">\n\t\t\t\t\t<div class=\"e-con-inner\">\n\t\t\t\t<div class=\"elementor-element elementor-element-9774701 exad-sticky-section-no exad-glass-effect-no elementor-widget elementor-widget-text-editor\" data-id=\"9774701\" data-element_type=\"widget\" data-e-type=\"widget\" data-widget_type=\"text-editor.default\">\n\t\t\t\t<div class=\"elementor-widget-container\">\n\t\t\t\t\t\t\t\t\t<p>Foto Claudinei de Castro \/ Barraca da Camtra, Saara\/RJ<\/p>\t\t\t\t\t\t\t\t<\/div>\n\t\t\t\t<\/div>\n\t\t\t\t\t<\/div>\n\t\t\t\t<\/div>\n\t\t<div class=\"elementor-element elementor-element-9789124 e-con-full e-flex e-con e-parent\" data-id=\"9789124\" data-element_type=\"container\" data-e-type=\"container\">\n\t\t\t\t<div class=\"elementor-element elementor-element-891d028 exad-sticky-section-no exad-glass-effect-no elementor-widget elementor-widget-heading\" data-id=\"891d028\" data-element_type=\"widget\" data-e-type=\"widget\" data-widget_type=\"heading.default\">\n\t\t\t\t<div class=\"elementor-widget-container\">\n\t\t\t\t\t<h1 class=\"elementor-heading-title elementor-size-default\">Nossos Projetos<\/h1>\t\t\t\t<\/div>\n\t\t\t\t<\/div>\n\t\t\t\t<\/div>\n\t\t<div class=\"elementor-element elementor-element-ab41bd5 e-flex e-con-boxed e-con e-parent\" data-id=\"ab41bd5\" data-element_type=\"container\" data-e-type=\"container\">\n\t\t\t\t\t<div class=\"e-con-inner\">\n\t\t\t\t<div class=\"elementor-element elementor-element-cdad7a8 exad-sticky-section-no exad-glass-effect-no elementor-widget elementor-widget-image\" data-id=\"cdad7a8\" data-element_type=\"widget\" data-e-type=\"widget\" data-widget_type=\"image.default\">\n\t\t\t\t<div class=\"elementor-widget-container\">\n\t\t\t\t\t\t\t\t\t\t\t\t\t\t\t<img decoding=\"async\" src=\"https:\/\/camtra.org.br\/wp-content\/uploads\/elementor\/thumbs\/rosa-completa-rho1ll6en7pme814wbthutpu2q5kvxx5fwr95vxvek.png\" title=\"rosa completa\" alt=\"rosa completa\" loading=\"lazy\" \/>\t\t\t\t\t\t\t\t\t\t\t\t\t\t\t<\/div>\n\t\t\t\t<\/div>\n\t\t\t\t<div class=\"elementor-element elementor-element-ec92f0b exad-sticky-section-no exad-glass-effect-no elementor-widget elementor-widget-heading\" data-id=\"ec92f0b\" data-element_type=\"widget\" data-e-type=\"widget\" data-widget_type=\"heading.default\">\n\t\t\t\t<div class=\"elementor-widget-container\">\n\t\t\t\t\t<h2 class=\"elementor-heading-title elementor-size-default\">DIREITOS SEXUAIS E DIREITOS REPRODUTIVOS<\/h2>\t\t\t\t<\/div>\n\t\t\t\t<\/div>\n\t\t\t\t\t<\/div>\n\t\t\t\t<\/div>\n\t\t<div class=\"elementor-element elementor-element-0b5b33e e-flex e-con-boxed e-con e-parent\" data-id=\"0b5b33e\" data-element_type=\"container\" data-e-type=\"container\">\n\t\t\t\t\t<div class=\"e-con-inner\">\n\t\t\t\t<div class=\"elementor-element elementor-element-784c988 exad-sticky-section-no exad-glass-effect-no elementor-widget elementor-widget-text-editor\" data-id=\"784c988\" data-element_type=\"widget\" data-e-type=\"widget\" data-widget_type=\"text-editor.default\">\n\t\t\t\t<div class=\"elementor-widget-container\">\n\t\t\t\t\t\t\t\t\t<p><span style=\"font-weight: 400;\">Consideramos que o pleno exerc\u00edcio dos direitos sexuais e direitos reprodutivos das mulheres \u00e9 fundamental para a garantia dos direitos humanos. Esse exerc\u00edcio vem sendo impedido pelo conservadorismo e pela tutela do corpo das mulheres na concep\u00e7\u00e3o das pol\u00edticas p\u00fablicas, bem como pela precariza\u00e7\u00e3o das mesmas.<\/span><\/p><p><span style=\"font-weight: 400;\">\u00c9 imprescind\u00edvel que sejam asseguradas a laicidade do Estado, j\u00e1 prevista na Constitui\u00e7\u00e3o Federal de 1988, e a autonomia\u00a0 das mulheres em rela\u00e7\u00e3o ao livre exerc\u00edcio de sua sexualidade e reprodu\u00e7\u00e3o.<\/span><\/p><p><span style=\"font-weight: 400;\">Os direitos sexuais e reprodutivos compreendem a livre escolha da reprodu\u00e7\u00e3o ou n\u00e3o reprodu\u00e7\u00e3o; o acesso \u00e0s informa\u00e7\u00f5es e educa\u00e7\u00e3o sexual e aos m\u00e9todos contraceptivos e de preven\u00e7\u00e3o; a viv\u00eancia da sexualidade livre de discrimina\u00e7\u00f5es e viol\u00eancia; al\u00e9m de outros direitos assegurados na legisla\u00e7\u00e3o nacional e conven\u00e7\u00f5es internacionais de direitos humanos.<\/span><\/p>\t\t\t\t\t\t\t\t<\/div>\n\t\t\t\t<\/div>\n\t\t\t\t\t<\/div>\n\t\t\t\t<\/div>\n\t\t<div class=\"elementor-element elementor-element-7dc6311 e-flex e-con-boxed e-con e-parent\" data-id=\"7dc6311\" data-element_type=\"container\" data-e-type=\"container\">\n\t\t\t\t\t<div class=\"e-con-inner\">\n\t\t\t\t<div class=\"elementor-element elementor-element-0c57432 exad-sticky-section-no exad-glass-effect-no elementor-widget elementor-widget-image\" data-id=\"0c57432\" data-element_type=\"widget\" data-e-type=\"widget\" data-widget_type=\"image.default\">\n\t\t\t\t<div class=\"elementor-widget-container\">\n\t\t\t\t\t\t\t\t\t\t\t\t\t\t\t<img decoding=\"async\" src=\"https:\/\/camtra.org.br\/wp-content\/uploads\/elementor\/thumbs\/rosa-completa-rho1ll6en7pme814wbthutpu2q5kvxx5fwr95vxvek.png\" title=\"rosa completa\" alt=\"rosa completa\" loading=\"lazy\" \/>\t\t\t\t\t\t\t\t\t\t\t\t\t\t\t<\/div>\n\t\t\t\t<\/div>\n\t\t\t\t<div class=\"elementor-element elementor-element-1c4407d exad-sticky-section-no exad-glass-effect-no elementor-widget elementor-widget-heading\" data-id=\"1c4407d\" data-element_type=\"widget\" data-e-type=\"widget\" data-widget_type=\"heading.default\">\n\t\t\t\t<div class=\"elementor-widget-container\">\n\t\t\t\t\t<h2 class=\"elementor-heading-title elementor-size-default\">EDUCA\u00c7\u00c3O PARA AUTONOMIA<\/h2>\t\t\t\t<\/div>\n\t\t\t\t<\/div>\n\t\t\t\t\t<\/div>\n\t\t\t\t<\/div>\n\t\t<div class=\"elementor-element elementor-element-a757072 e-flex e-con-boxed e-con e-parent\" data-id=\"a757072\" data-element_type=\"container\" data-e-type=\"container\">\n\t\t\t\t\t<div class=\"e-con-inner\">\n\t\t\t\t<div class=\"elementor-element elementor-element-60222c2 exad-sticky-section-no exad-glass-effect-no elementor-widget elementor-widget-text-editor\" data-id=\"60222c2\" data-element_type=\"widget\" data-e-type=\"widget\" data-widget_type=\"text-editor.default\">\n\t\t\t\t<div class=\"elementor-widget-container\">\n\t\t\t\t\t\t\t\t\t<p><span style=\"font-weight: 400;\">A educa\u00e7\u00e3o tem um papel fundamental na dissemina\u00e7\u00e3o de valores sociais e no enfrentamento \u00e0s discrimina\u00e7\u00f5es, para combater n\u00e3o as diferen\u00e7as, mas as desigualdades.\u00a0<\/span><\/p><p><span style=\"font-weight: 400;\">O conhecimento deve contribuir para o enfrentamento das discrimina\u00e7\u00f5es &#8211; em especial as de g\u00eanero, ra\u00e7a\/etnia e orienta\u00e7\u00e3o sexual -, com base nos princ\u00edpios da educa\u00e7\u00e3o popular, n\u00e3o institucionalizada, determinada pela realidade dos grupos e sua perspectiva hist\u00f3rica.<\/span><\/p><p><span style=\"font-weight: 400;\">Para isso, propomos uma educa\u00e7\u00e3o para a autonomia, que contribua para a constru\u00e7\u00e3o de novas tecnologias sociais e auxilie profissionais da \u00e1rea de educa\u00e7\u00e3o formal ou popular na promo\u00e7\u00e3o da igualdade de g\u00eanero, do combate ao racismo e do respeito \u00e0 diversidade sexual.<\/span><\/p>\t\t\t\t\t\t\t\t<\/div>\n\t\t\t\t<\/div>\n\t\t\t\t\t<\/div>\n\t\t\t\t<\/div>\n\t\t<div class=\"elementor-element elementor-element-0e462da e-flex e-con-boxed e-con e-parent\" data-id=\"0e462da\" data-element_type=\"container\" data-e-type=\"container\">\n\t\t\t\t\t<div class=\"e-con-inner\">\n\t\t\t\t<div class=\"elementor-element elementor-element-5660171 exad-sticky-section-no exad-glass-effect-no elementor-widget elementor-widget-image\" data-id=\"5660171\" data-element_type=\"widget\" data-e-type=\"widget\" data-widget_type=\"image.default\">\n\t\t\t\t<div class=\"elementor-widget-container\">\n\t\t\t\t\t\t\t\t\t\t\t\t\t\t\t<img decoding=\"async\" src=\"https:\/\/camtra.org.br\/wp-content\/uploads\/elementor\/thumbs\/rosa-completa-rho1ll6en7pme814wbthutpu2q5kvxx5fwr95vxvek.png\" title=\"rosa completa\" alt=\"rosa completa\" loading=\"lazy\" \/>\t\t\t\t\t\t\t\t\t\t\t\t\t\t\t<\/div>\n\t\t\t\t<\/div>\n\t\t\t\t<div class=\"elementor-element elementor-element-08e82f6 exad-sticky-section-no exad-glass-effect-no elementor-widget elementor-widget-heading\" data-id=\"08e82f6\" data-element_type=\"widget\" data-e-type=\"widget\" data-widget_type=\"heading.default\">\n\t\t\t\t<div class=\"elementor-widget-container\">\n\t\t\t\t\t<h2 class=\"elementor-heading-title elementor-size-default\">TRABALHO DAS MULHERES<\/h2>\t\t\t\t<\/div>\n\t\t\t\t<\/div>\n\t\t\t\t\t<\/div>\n\t\t\t\t<\/div>\n\t\t<div class=\"elementor-element elementor-element-de28b7a e-flex e-con-boxed e-con e-parent\" data-id=\"de28b7a\" data-element_type=\"container\" data-e-type=\"container\">\n\t\t\t\t\t<div class=\"e-con-inner\">\n\t\t\t\t<div class=\"elementor-element elementor-element-f054d84 exad-sticky-section-no exad-glass-effect-no elementor-widget elementor-widget-text-editor\" data-id=\"f054d84\" data-element_type=\"widget\" data-e-type=\"widget\" data-widget_type=\"text-editor.default\">\n\t\t\t\t<div class=\"elementor-widget-container\">\n\t\t\t\t\t\t\t\t\t<p><span style=\"font-weight: 400;\">As mulheres s\u00e3o culturalmente responsabilizadas pelos afazeres de casa e tarefas do cuidado. Este trabalho \u00e9 socialmente desvalorizado e invisibilizado, o que acarreta desigualdades em diversas esferas da vida das mulheres, inclusive em sua condi\u00e7\u00e3o econ\u00f4mica e inser\u00e7\u00e3o no mercado de trabalho remunerado.<\/span><\/p><p><span style=\"font-weight: 400;\">Por consequ\u00eancia, as mulheres, em especial as negras, continuam a ocupar fun\u00e7\u00f5es mais precarizadas e mal remuneradas, com menos acesso a direitos &#8211; visto que t\u00eam que conciliar com afazeres de casa e tarefas do cuidado. O que \u00e9 agravado pela precariza\u00e7\u00e3o de pol\u00edticas p\u00fablicas, que n\u00e3o oferecem suporte para a realiza\u00e7\u00e3o dessas tarefas.<\/span><\/p><p><span style=\"font-weight: 400;\">Neste sentido, compreendemos a import\u00e2ncia de a\u00e7\u00f5es com o objetivo de dar visibilidade e valorizar o trabalho realizado pelas mulheres. E a dissemina\u00e7\u00e3o de informa\u00e7\u00f5es sobre os direitos e as condi\u00e7\u00f5es de trabalho das mulheres e sua autonomia econ\u00f4mica \u00e9 de suma import\u00e2ncia.<\/span><\/p>\t\t\t\t\t\t\t\t<\/div>\n\t\t\t\t<\/div>\n\t\t\t\t\t<\/div>\n\t\t\t\t<\/div>\n\t\t<div class=\"elementor-element elementor-element-ff48efc e-flex e-con-boxed e-con e-parent\" data-id=\"ff48efc\" data-element_type=\"container\" data-e-type=\"container\">\n\t\t\t\t\t<div class=\"e-con-inner\">\n\t\t\t\t<div class=\"elementor-element elementor-element-73b50c8 exad-sticky-section-no exad-glass-effect-no elementor-widget elementor-widget-image\" data-id=\"73b50c8\" data-element_type=\"widget\" data-e-type=\"widget\" data-widget_type=\"image.default\">\n\t\t\t\t<div class=\"elementor-widget-container\">\n\t\t\t\t\t\t\t\t\t\t\t\t\t\t\t<img decoding=\"async\" src=\"https:\/\/camtra.org.br\/wp-content\/uploads\/elementor\/thumbs\/rosa-completa-rho1ll6en7pme814wbthutpu2q5kvxx5fwr95vxvek.png\" title=\"rosa completa\" alt=\"rosa completa\" loading=\"lazy\" \/>\t\t\t\t\t\t\t\t\t\t\t\t\t\t\t<\/div>\n\t\t\t\t<\/div>\n\t\t\t\t<div class=\"elementor-element elementor-element-141123b exad-sticky-section-no exad-glass-effect-no elementor-widget elementor-widget-heading\" data-id=\"141123b\" data-element_type=\"widget\" data-e-type=\"widget\" data-widget_type=\"heading.default\">\n\t\t\t\t<div class=\"elementor-widget-container\">\n\t\t\t\t\t<h2 class=\"elementor-heading-title elementor-size-default\">VIOL\u00caNCIA CONTRA AS MULHERES\n<\/h2>\t\t\t\t<\/div>\n\t\t\t\t<\/div>\n\t\t\t\t\t<\/div>\n\t\t\t\t<\/div>\n\t\t<div class=\"elementor-element elementor-element-ad22743 e-flex e-con-boxed e-con e-parent\" data-id=\"ad22743\" data-element_type=\"container\" data-e-type=\"container\">\n\t\t\t\t\t<div class=\"e-con-inner\">\n\t\t\t\t<div class=\"elementor-element elementor-element-e39ac99 exad-sticky-section-no exad-glass-effect-no elementor-widget elementor-widget-text-editor\" data-id=\"e39ac99\" data-element_type=\"widget\" data-e-type=\"widget\" data-widget_type=\"text-editor.default\">\n\t\t\t\t<div class=\"elementor-widget-container\">\n\t\t\t\t\t\t\t\t\t<p><span style=\"font-weight: 400;\">A CAMTRA soma-se aos esfor\u00e7os de enfrentamento \u00e0 viol\u00eancia contra as mulheres.\u00a0<\/span><\/p><p><span style=\"font-weight: 400;\">A viol\u00eancia contra as mulheres \u00e9 uma das manifesta\u00e7\u00f5es mais graves das rela\u00e7\u00f5es de poder, historicamente desiguais, entre homens e mulheres, limitando o exerc\u00edcio da liberdade, dos direitos e vida das mulheres.<\/span><\/p><p><span style=\"font-weight: 400;\">Consideramos que o enfrentamento \u00e0s viol\u00eancias contra as mulheres n\u00e3o deve estar dissociado da luta contra o racismo e a lesbofobia, visto que estas opress\u00f5es se somam e aprofundam as viol\u00eancias.<\/span><\/p><p><span style=\"font-weight: 400;\">A viol\u00eancia contra as mulheres \u00e9 praticada de diversas formas: viol\u00eancia dom\u00e9stica, ass\u00e9dio e viol\u00eancia sexual, explora\u00e7\u00e3o sexual, viol\u00eancia f\u00edsica, institucional, viol\u00eancia psicol\u00f3gica, patrimonial, entre outras.<\/span><\/p>\t\t\t\t\t\t\t\t<\/div>\n\t\t\t\t<\/div>\n\t\t\t\t\t<\/div>\n\t\t\t\t<\/div>\n\t\t\t\t<\/div>\n\t\t","protected":false},"excerpt":{"rendered":"<p>Foto Claudinei de Castro \/ Barraca da Camtra, Saara\/RJ Nossos Projetos DIREITOS SEXUAIS E DIREITOS REPRODUTIVOS Consideramos que o pleno exerc\u00edcio dos direitos sexuais e direitos reprodutivos das mulheres \u00e9 [&hellip;]<\/p>\n","protected":false},"author":3,"featured_media":694,"parent":0,"menu_order":0,"comment_status":"closed","ping_status":"closed","template":"","meta":{"om_disable_all_campaigns":false,"_uf_show_specific_survey":0,"_uf_disable_surveys":false,"ocean_post_layout":"","ocean_both_sidebars_style":"","ocean_both_sidebars_content_width":0,"ocean_both_sidebars_sidebars_width":0,"ocean_sidebar":"","ocean_second_sidebar":"","ocean_disable_margins":"enable","ocean_add_body_class":"","ocean_shortcode_before_top_bar":"","ocean_shortcode_after_top_bar":"","ocean_shortcode_before_header":"","ocean_shortcode_after_header":"","ocean_has_shortcode":"","ocean_shortcode_after_title":"","ocean_shortcode_before_footer_widgets":"","ocean_shortcode_after_footer_widgets":"","ocean_shortcode_before_footer_bottom":"","ocean_shortcode_after_footer_bottom":"","ocean_display_top_bar":"default","ocean_display_header":"default","ocean_header_style":"","ocean_center_header_left_menu":"","ocean_custom_header_template":"","ocean_custom_logo":0,"ocean_custom_retina_logo":0,"ocean_custom_logo_max_width":0,"ocean_custom_logo_tablet_max_width":0,"ocean_custom_logo_mobile_max_width":0,"ocean_custom_logo_max_height":0,"ocean_custom_logo_tablet_max_height":0,"ocean_custom_logo_mobile_max_height":0,"ocean_header_custom_menu":"","ocean_menu_typo_font_family":"","ocean_menu_typo_font_subset":"","ocean_menu_typo_font_size":0,"ocean_menu_typo_font_size_tablet":0,"ocean_menu_typo_font_size_mobile":0,"ocean_menu_typo_font_size_unit":"px","ocean_menu_typo_font_weight":"","ocean_menu_typo_font_weight_tablet":"","ocean_menu_typo_font_weight_mobile":"","ocean_menu_typo_transform":"","ocean_menu_typo_transform_tablet":"","ocean_menu_typo_transform_mobile":"","ocean_menu_typo_line_height":0,"ocean_menu_typo_line_height_tablet":0,"ocean_menu_typo_line_height_mobile":0,"ocean_menu_typo_line_height_unit":"","ocean_menu_typo_spacing":0,"ocean_menu_typo_spacing_tablet":0,"ocean_menu_typo_spacing_mobile":0,"ocean_menu_typo_spacing_unit":"","ocean_menu_link_color":"","ocean_menu_link_color_hover":"","ocean_menu_link_color_active":"","ocean_menu_link_background":"","ocean_menu_link_hover_background":"","ocean_menu_link_active_background":"","ocean_menu_social_links_bg":"","ocean_menu_social_hover_links_bg":"","ocean_menu_social_links_color":"","ocean_menu_social_hover_links_color":"","ocean_disable_title":"default","ocean_disable_heading":"default","ocean_post_title":"","ocean_post_subheading":"","ocean_post_title_style":"","ocean_post_title_background_color":"","ocean_post_title_background":0,"ocean_post_title_bg_image_position":"","ocean_post_title_bg_image_attachment":"","ocean_post_title_bg_image_repeat":"","ocean_post_title_bg_image_size":"","ocean_post_title_height":0,"ocean_post_title_bg_overlay":0.5,"ocean_post_title_bg_overlay_color":"","ocean_disable_breadcrumbs":"default","ocean_breadcrumbs_color":"","ocean_breadcrumbs_separator_color":"","ocean_breadcrumbs_links_color":"","ocean_breadcrumbs_links_hover_color":"","ocean_display_footer_widgets":"default","ocean_display_footer_bottom":"default","ocean_custom_footer_template":"","footnotes":""},"class_list":["post-9590","page","type-page","status-publish","has-post-thumbnail","hentry","entry","has-media"],"_links":{"self":[{"href":"https:\/\/camtra.org.br\/index.php\/wp-json\/wp\/v2\/pages\/9590","targetHints":{"allow":["GET"]}}],"collection":[{"href":"https:\/\/camtra.org.br\/index.php\/wp-json\/wp\/v2\/pages"}],"about":[{"href":"https:\/\/camtra.org.br\/index.php\/wp-json\/wp\/v2\/types\/page"}],"author":[{"embeddable":true,"href":"https:\/\/camtra.org.br\/index.php\/wp-json\/wp\/v2\/users\/3"}],"replies":[{"embeddable":true,"href":"https:\/\/camtra.org.br\/index.php\/wp-json\/wp\/v2\/comments?post=9590"}],"version-history":[{"count":53,"href":"https:\/\/camtra.org.br\/index.php\/wp-json\/wp\/v2\/pages\/9590\/revisions"}],"predecessor-version":[{"id":14266,"href":"https:\/\/camtra.org.br\/index.php\/wp-json\/wp\/v2\/pages\/9590\/revisions\/14266"}],"wp:featuredmedia":[{"embeddable":true,"href":"https:\/\/camtra.org.br\/index.php\/wp-json\/wp\/v2\/media\/694"}],"wp:attachment":[{"href":"https:\/\/camtra.org.br\/index.php\/wp-json\/wp\/v2\/media?parent=9590"}],"curies":[{"name":"wp","href":"https:\/\/api.w.org\/{rel}","templated":true}]}}