{"id":9706,"date":"2024-01-11T18:25:06","date_gmt":"2024-01-11T18:25:06","guid":{"rendered":"https:\/\/novo2023.camtra.org.br\/?page_id=9706"},"modified":"2024-08-10T19:35:02","modified_gmt":"2024-08-10T19:35:02","slug":"relatorios","status":"publish","type":"page","link":"https:\/\/camtra.org.br\/index.php\/relatorios\/","title":{"rendered":"Relat\u00f3rios"},"content":{"rendered":"<div id=\"fb-root\"><\/div>\n\t\t<div data-elementor-type=\"wp-page\" data-elementor-id=\"9706\" class=\"elementor elementor-9706\">\n\t\t\t\t<div class=\"elementor-element elementor-element-9789124 e-flex e-con-boxed e-con e-parent\" data-id=\"9789124\" data-element_type=\"container\" data-e-type=\"container\">\n\t\t\t\t\t<div class=\"e-con-inner\">\n\t\t\t\t<div class=\"elementor-element elementor-element-891d028 exad-sticky-section-no exad-glass-effect-no elementor-widget elementor-widget-heading\" data-id=\"891d028\" data-element_type=\"widget\" data-e-type=\"widget\" data-widget_type=\"heading.default\">\n\t\t\t\t<div class=\"elementor-widget-container\">\n\t\t\t\t\t<h1 class=\"elementor-heading-title elementor-size-default\">Relat\u00f3rios<\/h1>\t\t\t\t<\/div>\n\t\t\t\t<\/div>\n\t\t\t\t\t<\/div>\n\t\t\t\t<\/div>\n\t\t<div class=\"elementor-element elementor-element-230d5c5 e-flex e-con-boxed e-con e-parent\" data-id=\"230d5c5\" data-element_type=\"container\" data-e-type=\"container\">\n\t\t\t\t\t<div class=\"e-con-inner\">\n\t\t\t\t<div class=\"elementor-element elementor-element-a20e526 elementor-widget__width-initial exad-sticky-section-no exad-glass-effect-no elementor-widget elementor-widget-html\" data-id=\"a20e526\" data-element_type=\"widget\" data-e-type=\"widget\" data-widget_type=\"html.default\">\n\t\t\t\t<div class=\"elementor-widget-container\">\n\t\t\t\t\t\r\n    <div style=\"display: flex; flex-wrap: wrap; justify-content: flex-start; align-items: left;\">\r\n\r\n    <div style=\"text-align: center; flex-basis: 45%;\">\r\n        <h1><div class=\"_df_thumb \" id=\"df_14131\"  _slug=\"relatorio-de-atividades-2023\" data-title=\"relatorio-de-atividades-2023\" wpoptions=\"true\" thumb=\"https:\/\/camtra.org.br\/wp-content\/uploads\/2024\/07\/Captura-de-Tela-2024-07-11-as-16.40.15.png\" thumbtype=\"\" >Relat\u00f3rio de Atividades 2023<\/div><script class=\"df-shortcode-script\" nowprocket type=\"application\/javascript\">window.option_df_14131 = {\"outline\":[],\"backgroundColor\":\"#590a5d\",\"autoEnableOutline\":\"false\",\"autoEnableThumbnail\":\"true\",\"overwritePDFOutline\":\"true\",\"direction\":\"1\",\"pageSize\":\"0\",\"source\":\"https:\\\/\\\/camtra.org.br\\\/wp-content\\\/uploads\\\/2024\\\/07\\\/Relatorio-Anual-da-Camtra-2023.pdf\",\"wpOptions\":\"true\"}; if(window.DFLIP && window.DFLIP.parseBooks){window.DFLIP.parseBooks();}<\/script><\/h1>\r\n        <h1><a href=\"https:\/\/novo2023.camtra.org.br\/wp-content\/uploads\/2024\/07\/Relatorio-Anual-da-Camtra-2023.pdf\">Relat\u00f3rio de Atividades 2023<\/a><\/h1>\r\n    <\/div>\r\n    <div style=\"text-align: center; flex-basis: 45%;\">\r\n        <h1><div class=\"_df_thumb \" id=\"df_14125\"  _slug=\"annual-report-2023\" data-title=\"activities-report-2023\" wpoptions=\"true\" thumb=\"https:\/\/camtra.org.br\/wp-content\/uploads\/2024\/07\/Captura-de-Tela-2024-07-11-as-16.35.21.png\" thumbtype=\"\" >Activities Report 2023<\/div><script class=\"df-shortcode-script\" nowprocket type=\"application\/javascript\">window.option_df_14125 = {\"outline\":[],\"backgroundColor\":\"#590a5d\",\"autoEnableOutline\":\"false\",\"autoEnableThumbnail\":\"false\",\"overwritePDFOutline\":\"false\",\"direction\":\"1\",\"pageSize\":\"0\",\"source\":\"https:\\\/\\\/camtra.org.br\\\/wp-content\\\/uploads\\\/2024\\\/07\\\/CAMTRA-Annual-Activities-Report-2023.pdf\",\"wpOptions\":\"true\"}; if(window.DFLIP && window.DFLIP.parseBooks){window.DFLIP.parseBooks();}<\/script><\/h1>\r\n        <h1><a href=\"https:\/\/novo2023.camtra.org.br\/wp-content\/uploads\/2024\/07\/CAMTRA-Annual-Activities-Report-2023.pdf\" target=\"_blank\" rel=\"noopener\">Activities Report 2023<\/a><\/h1>\r\n    <\/div>\r\n\r\n    <div style=\"text-align: center; flex-basis: 45%;\">\r\n        <h1><div class=\"_df_thumb \" id=\"df_13575\"  _slug=\"relatorio-anual-2022\" data-title=\"relatorio-anual-2022\" wpoptions=\"true\" thumb=\"https:\/\/camtra.org.br\/wp-content\/uploads\/2024\/05\/Captura-de-tela-2024-05-20-132158.png\" thumbtype=\"\" >Relat\u00f3rio Anual 2022<\/div><script class=\"df-shortcode-script\" nowprocket type=\"application\/javascript\">window.option_df_13575 = {\"outline\":[],\"backgroundColor\":\"#590a5d\",\"autoEnableOutline\":\"false\",\"autoEnableThumbnail\":\"false\",\"overwritePDFOutline\":\"false\",\"direction\":\"1\",\"pageSize\":\"0\",\"source\":\"https:\\\/\\\/camtra.org.br\\\/wp-content\\\/uploads\\\/2024\\\/05\\\/Relatorio-Anual-da-Camtra-2022.pdf\",\"wpOptions\":\"true\"}; if(window.DFLIP && window.DFLIP.parseBooks){window.DFLIP.parseBooks();}<\/script><\/h1>\r\n        <h1><a href=\"https:\/\/novo2023.camtra.org.br\/wp-content\/uploads\/2024\/05\/Relatorio-Anual-da-Camtra-2022.pdf\" target=\"_blank\" rel=\"noopener\">Relat\u00f3rio Anual 2022<\/a><\/h1>\r\n    <\/div>\r\n\r\n    <div style=\"text-align: center; flex-basis: 45%;\">\r\n        <h1><\/h1>\r\n        <h1><\/h1>\r\n    <\/div>\r\n\r\n    <div style=\"text-align: center; flex-basis: 45%;\">\r\n        <h1><div class=\"_df_thumb \" id=\"df_11573\"  _slug=\"11573\" data-title=\"relatorio-anual-de-atividades-2021\" wpoptions=\"true\" thumb=\"https:\/\/camtra.org.br\/wp-content\/uploads\/2024\/04\/capa-rel-2021_Canva-300x167-1.jpg\" thumbtype=\"\" >Relat\u00f3rio Anual de Atividades &#8211; 2021<\/div><script class=\"df-shortcode-script\" nowprocket type=\"application\/javascript\">window.option_df_11573 = {\"outline\":[],\"backgroundColor\":\"#ab0f54\",\"autoEnableOutline\":\"false\",\"autoEnableThumbnail\":\"false\",\"overwritePDFOutline\":\"false\",\"direction\":\"1\",\"pageSize\":\"0\",\"maxTextureSize\":\"1800\",\"source\":\"https:\\\/\\\/camtra.org.br\\\/wp-content\\\/uploads\\\/2024\\\/04\\\/Relatorio-de-Atividades-CAMTRA-2021.pdf\",\"wpOptions\":\"true\"}; if(window.DFLIP && window.DFLIP.parseBooks){window.DFLIP.parseBooks();}<\/script><\/h1>\r\n        <h1><a href=\"https:\/\/camtra.org.br\/wp-content\/uploads\/2022\/09\/Relat%C3%B3rio-de-Atividades-CAMTRA-2021.pdf\" target=\"_blank\" rel=\"noopener\">Relat\u00f3rio de Atividades 2021<\/a><\/h1>\r\n    <\/div>\r\n\r\n\r\n    <div style=\"text-align: center; flex-basis: 45%;\">\r\n        <h1><div class=\"_df_thumb \" id=\"df_11620\"  _slug=\"annual-report-2021\" data-title=\"annual-report-2021\" wpoptions=\"true\" thumb=\"https:\/\/camtra.org.br\/wp-content\/uploads\/2024\/04\/capa-rel-ing-2021_Canva-300x167-1.jpg\" thumbtype=\"\" >Annual Report 2021<\/div><script class=\"df-shortcode-script\" nowprocket type=\"application\/javascript\">window.option_df_11620 = {\"outline\":[],\"backgroundColor\":\"#9c1830\",\"autoEnableOutline\":\"false\",\"autoEnableThumbnail\":\"false\",\"overwritePDFOutline\":\"false\",\"direction\":\"1\",\"pageSize\":\"0\",\"source\":\"https:\\\/\\\/camtra.org.br\\\/wp-content\\\/uploads\\\/2024\\\/04\\\/Annual-Report-CAMTRA-2021-1.pdf\",\"wpOptions\":\"true\"}; if(window.DFLIP && window.DFLIP.parseBooks){window.DFLIP.parseBooks();}<\/script><\/h1>\r\n        <h1><a href=\"https:\/\/camtra.org.br\/wp-content\/uploads\/2022\/09\/Annual-Report-CAMTRA-2021.pdf\" target=\"_blank\" rel=\"noopener\">Annual Report 2021\u200b<\/a><\/h1>\r\n    <\/div>\r\n    <div style=\"text-align: center; flex-basis: 45%;\">\r\n        <h1><div class=\"_df_thumb \" id=\"df_11628\"  _slug=\"11628\" data-title=\"relatorio-de-atividades-2020\" wpoptions=\"true\" thumb=\"https:\/\/camtra.org.br\/wp-content\/uploads\/2024\/04\/capa-rel-2020_Canva-300x167-1.jpg\" thumbtype=\"\" >Relat\u00f3rio de Atividades 2020<\/div><script class=\"df-shortcode-script\" nowprocket type=\"application\/javascript\">window.option_df_11628 = {\"outline\":[],\"backgroundColor\":\"#ab0f54\",\"autoEnableOutline\":\"false\",\"autoEnableThumbnail\":\"false\",\"overwritePDFOutline\":\"false\",\"direction\":\"1\",\"pageSize\":\"0\",\"source\":\"https:\\\/\\\/camtra.org.br\\\/wp-content\\\/uploads\\\/2024\\\/04\\\/CAMTRA-Relatorio-Anual-2020-1.pdf\",\"wpOptions\":\"true\"}; if(window.DFLIP && window.DFLIP.parseBooks){window.DFLIP.parseBooks();}<\/script><\/h1>\r\n        <h1><a href=\"https:\/\/camtra.org.br\/wp-content\/uploads\/2021\/04\/CAMTRA-Relat%C3%B3rio-Anual-2020-1.pdf\" target=\"_blank\" rel=\"noopener\">Relat\u00f3rio de Atividades 2020<\/a><\/h1>\r\n    <\/div>\r\n    <div style=\"text-align: center; flex-basis: 45%;\">\r\n        <h1><\/h1>\r\n        <h1><\/h1>\r\n    <\/div>\r\n    <div style=\"text-align: center; flex-basis: 45%;\">\r\n        <h1><div class=\"_df_thumb \" id=\"df_11654\"  _slug=\"relatorio-anual-2019-2\" data-title=\"relatorio-anual-2019\" wpoptions=\"true\" thumb=\"https:\/\/camtra.org.br\/wp-content\/uploads\/2024\/04\/capa-rel-2019-1.jpg\" thumbtype=\"\" >Relat\u00f3rio Anual 2019<\/div><script class=\"df-shortcode-script\" nowprocket type=\"application\/javascript\">window.option_df_11654 = {\"outline\":[],\"backgroundColor\":\"#9c1830\",\"autoEnableOutline\":\"false\",\"autoEnableThumbnail\":\"false\",\"overwritePDFOutline\":\"false\",\"direction\":\"1\",\"pageSize\":\"0\",\"source\":\"https:\\\/\\\/camtra.org.br\\\/wp-content\\\/uploads\\\/2024\\\/04\\\/ATUALIZADO-RELATORIO-DE-ATIVIDADES-CAMTRA-2019-1.pdf\",\"wpOptions\":\"true\"}; if(window.DFLIP && window.DFLIP.parseBooks){window.DFLIP.parseBooks();}<\/script><\/h1>\r\n        <h1><a href=\"https:\/\/camtra.org.br\/wp-content\/uploads\/2020\/12\/ATUALIZADO-RELATORIO-DE-ATIVIDADES-CAMTRA-2019.pdf\" target=\"_blank\" rel=\"noopener\">Relat\u00f3rio de Atividades 2019<\/a><\/h1>\r\n    <\/div>\r\n\r\n    <div style=\"text-align: center; flex-basis: 45%;\">\r\n        <h1><\/h1>\r\n        <h1><\/h1>\r\n    <\/div>\r\n\r\n    <div style=\"text-align: center; flex-basis: 45%;\">\r\n        <h1><div class=\"_df_thumb \" id=\"df_11635\"  _slug=\"relatorio-anual-2019\" data-title=\"relatorio-anual-2019\" wpoptions=\"true\" thumb=\"https:\/\/camtra.org.br\/wp-content\/uploads\/2024\/04\/capa-rel-2018-1.jpg\" thumbtype=\"\" >Relat\u00f3rio Anual 2019<\/div><script class=\"df-shortcode-script\" nowprocket type=\"application\/javascript\">window.option_df_11635 = {\"outline\":[],\"backgroundColor\":\"#590a5d\",\"autoEnableOutline\":\"false\",\"autoEnableThumbnail\":\"false\",\"overwritePDFOutline\":\"false\",\"direction\":\"1\",\"pageSize\":\"0\",\"source\":\"https:\\\/\\\/camtra.org.br\\\/wp-content\\\/uploads\\\/2024\\\/04\\\/RelatorioAnual_Camtra2018_v.08.19-1.pdf\",\"wpOptions\":\"true\"}; if(window.DFLIP && window.DFLIP.parseBooks){window.DFLIP.parseBooks();}<\/script><\/h1>\r\n        <h1><a href=\"https:\/\/camtra.org.br\/wp-content\/uploads\/2020\/03\/RelatorioAnual_Camtra2018_v.08.19.pdf\" target=\"_blank\" rel=\"noopener\">Relat\u00f3rio de Atividades 2018<\/a><\/h1>\r\n    <\/div>\r\n\r\n    <div style=\"text-align: center; flex-basis: 45%;\">\r\n        <h1><div class=\"_df_thumb \" id=\"df_11638\"  _slug=\"annual-report-2019\" data-title=\"annual-report-2019\" wpoptions=\"true\" thumb=\"https:\/\/camtra.org.br\/wp-content\/uploads\/2024\/04\/capa-rel-ing-2018-1.jpg\" thumbtype=\"\" >Annual Report 2019<\/div><script class=\"df-shortcode-script\" nowprocket type=\"application\/javascript\">window.option_df_11638 = {\"outline\":[],\"autoEnableOutline\":\"false\",\"autoEnableThumbnail\":\"false\",\"overwritePDFOutline\":\"false\",\"direction\":\"1\",\"pageSize\":\"0\",\"source\":\"https:\\\/\\\/camtra.org.br\\\/wp-content\\\/uploads\\\/2024\\\/04\\\/2018AnnualReport_SummaryVersion-1.pdf\",\"wpOptions\":\"true\"}; if(window.DFLIP && window.DFLIP.parseBooks){window.DFLIP.parseBooks();}<\/script><\/h1>\r\n        <h1><a href=\"https:\/\/camtra.org.br\/wp-content\/uploads\/2020\/03\/2018AnnualReport_SummaryVersion.pdf\" target=\"_blank\" rel=\"noopener\">Annual Report 2018<\/a><\/h1>\r\n    <\/div>\r\n    <div style=\"text-align: center; flex-basis: 45%;\">\r\n        <h1><div class=\"_df_thumb \" id=\"df_11643\"  _slug=\"relatorio-anual-2017\" data-title=\"relatorio-anual-2017\" wpoptions=\"true\" thumb=\"https:\/\/camtra.org.br\/wp-content\/uploads\/2024\/04\/capa-rel-2017-1.jpg\" thumbtype=\"\" >Relat\u00f3rio Anual 2017<\/div><script class=\"df-shortcode-script\" nowprocket type=\"application\/javascript\">window.option_df_11643 = {\"outline\":[],\"autoEnableOutline\":\"false\",\"autoEnableThumbnail\":\"false\",\"overwritePDFOutline\":\"false\",\"direction\":\"1\",\"pageSize\":\"0\",\"source\":\"https:\\\/\\\/camtra.org.br\\\/wp-content\\\/uploads\\\/2024\\\/04\\\/RelatorioAnual_Camtra2017corrigidoSet-1-1.pdf\",\"wpOptions\":\"true\"}; if(window.DFLIP && window.DFLIP.parseBooks){window.DFLIP.parseBooks();}<\/script><\/h1>\r\n        <h1><a href=\"https:\/\/camtra.org.br\/wp-content\/uploads\/2018\/10\/RelatorioAnual_Camtra2017corrigidoSet-1.pdf\" target=\"_blank\" rel=\"noopener\">Relat\u00f3rio de Atividades 2017<\/a><\/h1>\r\n    <\/div>\r\n\r\n    <div style=\"text-align: center; flex-basis: 45%;\">\r\n        <h1><div class=\"_df_thumb \" id=\"df_11646\"  _slug=\"annual-report-2017\" data-title=\"annual-report-2017\" wpoptions=\"true\" thumb=\"https:\/\/camtra.org.br\/wp-content\/uploads\/2024\/04\/capa-rel-ing-2017-1.jpg\" thumbtype=\"\" >Annual Report 2017<\/div><script class=\"df-shortcode-script\" nowprocket type=\"application\/javascript\">window.option_df_11646 = {\"outline\":[],\"backgroundColor\":\"#ab0f54\",\"autoEnableOutline\":\"false\",\"autoEnableThumbnail\":\"false\",\"overwritePDFOutline\":\"false\",\"direction\":\"1\",\"pageSize\":\"0\",\"source\":\"https:\\\/\\\/camtra.org.br\\\/wp-content\\\/uploads\\\/2024\\\/04\\\/RelatorioAnual_Camtra2017corrigidoSet-1-1.pdf\",\"wpOptions\":\"true\"}; if(window.DFLIP && window.DFLIP.parseBooks){window.DFLIP.parseBooks();}<\/script><\/h1>\r\n        <h1><a href=\"https:\/\/camtra.org.br\/wp-content\/uploads\/2018\/10\/AnualReport_Camtra2017-1.pdf\" target=\"_blank\" rel=\"noopener\">Annual Report 2017<\/a><\/h1>\r\n    <\/div>\r\n    <div style=\"text-align: center; flex-basis: 45%;\">\r\n        <h1><div class=\"_df_thumb \" id=\"df_11662\"  _slug=\"relatorio-anual-2016\" data-title=\"relatorio-anual-2016\" wpoptions=\"true\" thumb=\"https:\/\/camtra.org.br\/wp-content\/uploads\/2024\/04\/capa-rel-2016-1.jpg\" thumbtype=\"\" >Relat\u00f3rio Anual 2016<\/div><script class=\"df-shortcode-script\" nowprocket type=\"application\/javascript\">window.option_df_11662 = {\"outline\":[],\"backgroundColor\":\"#590a5d\",\"autoEnableOutline\":\"false\",\"autoEnableThumbnail\":\"false\",\"overwritePDFOutline\":\"false\",\"direction\":\"1\",\"pageSize\":\"0\",\"source\":\"https:\\\/\\\/camtra.org.br\\\/wp-content\\\/uploads\\\/2024\\\/04\\\/RelatorioAnual_Camtra2016-1.pdf\",\"wpOptions\":\"true\"}; if(window.DFLIP && window.DFLIP.parseBooks){window.DFLIP.parseBooks();}<\/script><\/h1>\r\n        <h1><a href=\"https:\/\/camtra.org.br\/wp-content\/uploads\/2018\/10\/RelatorioAnual_Camtra2016.pdf\" target=\"_blank\" rel=\"noopener\">Relat\u00f3rio de Atividades 2016<\/a><\/h1>\r\n    <\/div>\r\n    <div style=\"text-align: center; flex-basis: 45%;\">\r\n        <h1><\/h1>\r\n        <h1><\/h1>\r\n    <\/div>\r\n\r\n    <div style=\"text-align: center; flex-basis: 45%;\">\r\n        <h1><div class=\"_df_thumb \" id=\"df_11671\"  _slug=\"relatorio-anual-2015\" data-title=\"relatorio-anual-2015\" wpoptions=\"true\" thumb=\"https:\/\/camtra.org.br\/wp-content\/uploads\/2024\/04\/capa-rel-2015-1.jpg\" thumbtype=\"\" >Relat\u00f3rio Anual 2015<\/div><script class=\"df-shortcode-script\" nowprocket type=\"application\/javascript\">window.option_df_11671 = {\"outline\":[],\"backgroundColor\":\"#ab0f54\",\"autoEnableOutline\":\"false\",\"autoEnableThumbnail\":\"false\",\"overwritePDFOutline\":\"false\",\"direction\":\"1\",\"pageSize\":\"0\",\"source\":\"https:\\\/\\\/camtra.org.br\\\/wp-content\\\/uploads\\\/2024\\\/04\\\/movimento-feminista-casa-da-mulher-trabalhadora-relatorio-anual-2015-1.pdf\",\"wpOptions\":\"true\"}; if(window.DFLIP && window.DFLIP.parseBooks){window.DFLIP.parseBooks();}<\/script><\/h1>\r\n        <h1><a href=\"https:\/\/camtra.org.br\/wp-content\/uploads\/2024\/04\/movimento-feminista-casa-da-mulher-trabalhadora-relatorio-anual-2015-1.pdf\" target=\"_blank\" rel=\"noopener\">Relat\u00f3rio de Atividades 2015<\/a><\/h1>\r\n    <\/div>\r\n    <div style=\"text-align: center; flex-basis: 45%;\">\r\n        <h1><div class=\"_df_thumb \" id=\"df_11676\"  _slug=\"annual-report-2015\" data-title=\"annual-report-2015\" wpoptions=\"true\" thumb=\"https:\/\/camtra.org.br\/wp-content\/uploads\/2024\/04\/capa-rel-ing-2015-1.jpg\" thumbtype=\"\" >Annual Report 2015<\/div><script class=\"df-shortcode-script\" nowprocket type=\"application\/javascript\">window.option_df_11676 = {\"outline\":[],\"backgroundColor\":\"#ab0f54\",\"autoEnableOutline\":\"false\",\"autoEnableThumbnail\":\"false\",\"overwritePDFOutline\":\"false\",\"direction\":\"1\",\"pageSize\":\"0\",\"source\":\"https:\\\/\\\/camtra.org.br\\\/wp-content\\\/uploads\\\/2024\\\/04\\\/AnnualReport_Camtra2015-1.pdf\",\"wpOptions\":\"true\"}; if(window.DFLIP && window.DFLIP.parseBooks){window.DFLIP.parseBooks();}<\/script><\/h1>\r\n        <h1><a href=\"https:\/\/camtra.org.br\/wp-content\/uploads\/2024\/04\/AnnualReport_Camtra2015-1.pdf\" target=\"_blank\">Annual Report 2015<\/a><\/h1>\r\n    <\/div>\r\n\r\n    <div style=\"text-align: center; flex-basis: 45%;\">\r\n        <h1><div class=\"_df_thumb \" id=\"df_11681\"  _slug=\"11681\" data-title=\"relatorio-anual-2014\" wpoptions=\"true\" thumb=\"https:\/\/camtra.org.br\/wp-content\/uploads\/2024\/04\/capa-rel-2014-1.jpg\" thumbtype=\"\" >Relat\u00f3rio Anual 2014<\/div><script class=\"df-shortcode-script\" nowprocket type=\"application\/javascript\">window.option_df_11681 = {\"outline\":[],\"backgroundColor\":\"#336600\",\"autoEnableOutline\":\"false\",\"autoEnableThumbnail\":\"false\",\"overwritePDFOutline\":\"false\",\"direction\":\"1\",\"pageSize\":\"0\",\"source\":\"https:\\\/\\\/camtra.org.br\\\/wp-content\\\/uploads\\\/2024\\\/04\\\/movimento-feminista-casa-da-mulher-trabalhadora-relatorio-anual-2014-1.pdf\",\"wpOptions\":\"true\"}; if(window.DFLIP && window.DFLIP.parseBooks){window.DFLIP.parseBooks();}<\/script><\/h1>\r\n        <h1><a href=\"https:\/\/camtra.org.br\/wp-content\/uploads\/2024\/04\/movimento-feminista-casa-da-mulher-trabalhadora-relatorio-anual-2014-1.pdf\" target=\"_blank\" rel=\"noopener\">Relat\u00f3rio de Atividades 2014<\/a><\/h1>\r\n    <\/div>\r\n    <div style=\"text-align: center; flex-basis: 45%;\">\r\n        <h1><div class=\"_df_thumb \" id=\"df_11687\"  _slug=\"annual-report-2014\" data-title=\"annual-report-2014\" wpoptions=\"true\" thumb=\"https:\/\/camtra.org.br\/wp-content\/uploads\/2024\/04\/capa-rel-ing-2014-1.jpg\" thumbtype=\"\" >Annual Report 2014<\/div><script class=\"df-shortcode-script\" nowprocket type=\"application\/javascript\">window.option_df_11687 = {\"outline\":[],\"autoEnableOutline\":\"false\",\"autoEnableThumbnail\":\"false\",\"overwritePDFOutline\":\"false\",\"direction\":\"1\",\"pageSize\":\"0\",\"source\":\"https:\\\/\\\/camtra.org.br\\\/wp-content\\\/uploads\\\/2024\\\/04\\\/movimento-feminista-casa-da-mulher-trabalhadora-annual-report-2014-1.pdf\",\"wpOptions\":\"true\"}; if(window.DFLIP && window.DFLIP.parseBooks){window.DFLIP.parseBooks();}<\/script><\/h1>\r\n        <h1><a href=\"https:\/\/camtra.org.br\/wp-content\/uploads\/2024\/04\/movimento-feminista-casa-da-mulher-trabalhadora-relatorio-anual-2014-1.pdf\" target=\"_blank\" rel=\"noopener\">Annual Report 2014<\/a><\/h1>\r\n    <\/div>\r\n\r\n\r\n<\/div>\r\n\t\t\t\t<\/div>\n\t\t\t\t<\/div>\n\t\t\t\t\t<\/div>\n\t\t\t\t<\/div>\n\t\t\t\t<\/div>\n\t\t","protected":false},"excerpt":{"rendered":"<p>Relat\u00f3rios Relat\u00f3rio de Atividades 2023 Activities Report 2023 Relat\u00f3rio Anual 2022 Relat\u00f3rio de Atividades 2021 Annual Report 2021\u200b Relat\u00f3rio de Atividades 2020 Relat\u00f3rio de Atividades 2019 Relat\u00f3rio de Atividades 2018 [&hellip;]<\/p>\n","protected":false},"author":3,"featured_media":694,"parent":0,"menu_order":0,"comment_status":"closed","ping_status":"closed","template":"elementor_header_footer","meta":{"om_disable_all_campaigns":false,"_uf_show_specific_survey":0,"_uf_disable_surveys":false,"ocean_post_layout":"","ocean_both_sidebars_style":"","ocean_both_sidebars_content_width":0,"ocean_both_sidebars_sidebars_width":0,"ocean_sidebar":"","ocean_second_sidebar":"","ocean_disable_margins":"enable","ocean_add_body_class":"","ocean_shortcode_before_top_bar":"","ocean_shortcode_after_top_bar":"","ocean_shortcode_before_header":"","ocean_shortcode_after_header":"","ocean_has_shortcode":"","ocean_shortcode_after_title":"","ocean_shortcode_before_footer_widgets":"","ocean_shortcode_after_footer_widgets":"","ocean_shortcode_before_footer_bottom":"","ocean_shortcode_after_footer_bottom":"","ocean_display_top_bar":"default","ocean_display_header":"default","ocean_header_style":"","ocean_center_header_left_menu":"","ocean_custom_header_template":"","ocean_custom_logo":0,"ocean_custom_retina_logo":0,"ocean_custom_logo_max_width":0,"ocean_custom_logo_tablet_max_width":0,"ocean_custom_logo_mobile_max_width":0,"ocean_custom_logo_max_height":0,"ocean_custom_logo_tablet_max_height":0,"ocean_custom_logo_mobile_max_height":0,"ocean_header_custom_menu":"","ocean_menu_typo_font_family":"","ocean_menu_typo_font_subset":"","ocean_menu_typo_font_size":0,"ocean_menu_typo_font_size_tablet":0,"ocean_menu_typo_font_size_mobile":0,"ocean_menu_typo_font_size_unit":"px","ocean_menu_typo_font_weight":"","ocean_menu_typo_font_weight_tablet":"","ocean_menu_typo_font_weight_mobile":"","ocean_menu_typo_transform":"","ocean_menu_typo_transform_tablet":"","ocean_menu_typo_transform_mobile":"","ocean_menu_typo_line_height":0,"ocean_menu_typo_line_height_tablet":0,"ocean_menu_typo_line_height_mobile":0,"ocean_menu_typo_line_height_unit":"","ocean_menu_typo_spacing":0,"ocean_menu_typo_spacing_tablet":0,"ocean_menu_typo_spacing_mobile":0,"ocean_menu_typo_spacing_unit":"","ocean_menu_link_color":"","ocean_menu_link_color_hover":"","ocean_menu_link_color_active":"","ocean_menu_link_background":"","ocean_menu_link_hover_background":"","ocean_menu_link_active_background":"","ocean_menu_social_links_bg":"","ocean_menu_social_hover_links_bg":"","ocean_menu_social_links_color":"","ocean_menu_social_hover_links_color":"","ocean_disable_title":"default","ocean_disable_heading":"default","ocean_post_title":"","ocean_post_subheading":"","ocean_post_title_style":"","ocean_post_title_background_color":"","ocean_post_title_background":0,"ocean_post_title_bg_image_position":"","ocean_post_title_bg_image_attachment":"","ocean_post_title_bg_image_repeat":"","ocean_post_title_bg_image_size":"","ocean_post_title_height":0,"ocean_post_title_bg_overlay":0.5,"ocean_post_title_bg_overlay_color":"","ocean_disable_breadcrumbs":"default","ocean_breadcrumbs_color":"","ocean_breadcrumbs_separator_color":"","ocean_breadcrumbs_links_color":"","ocean_breadcrumbs_links_hover_color":"","ocean_display_footer_widgets":"default","ocean_display_footer_bottom":"default","ocean_custom_footer_template":"","footnotes":""},"class_list":["post-9706","page","type-page","status-publish","has-post-thumbnail","hentry","entry","has-media"],"_links":{"self":[{"href":"https:\/\/camtra.org.br\/index.php\/wp-json\/wp\/v2\/pages\/9706","targetHints":{"allow":["GET"]}}],"collection":[{"href":"https:\/\/camtra.org.br\/index.php\/wp-json\/wp\/v2\/pages"}],"about":[{"href":"https:\/\/camtra.org.br\/index.php\/wp-json\/wp\/v2\/types\/page"}],"author":[{"embeddable":true,"href":"https:\/\/camtra.org.br\/index.php\/wp-json\/wp\/v2\/users\/3"}],"replies":[{"embeddable":true,"href":"https:\/\/camtra.org.br\/index.php\/wp-json\/wp\/v2\/comments?post=9706"}],"version-history":[{"count":94,"href":"https:\/\/camtra.org.br\/index.php\/wp-json\/wp\/v2\/pages\/9706\/revisions"}],"predecessor-version":[{"id":14572,"href":"https:\/\/camtra.org.br\/index.php\/wp-json\/wp\/v2\/pages\/9706\/revisions\/14572"}],"wp:featuredmedia":[{"embeddable":true,"href":"https:\/\/camtra.org.br\/index.php\/wp-json\/wp\/v2\/media\/694"}],"wp:attachment":[{"href":"https:\/\/camtra.org.br\/index.php\/wp-json\/wp\/v2\/media?parent=9706"}],"curies":[{"name":"wp","href":"https:\/\/api.w.org\/{rel}","templated":true}]}}